{"id":5361,"date":"2024-08-06T17:23:00","date_gmt":"2024-08-06T20:23:00","guid":{"rendered":"https:\/\/pegasussecurity.com.br\/seguridad-pegasus\/"},"modified":"2025-02-23T20:43:08","modified_gmt":"2025-02-23T23:43:08","slug":"seguridad-pegasus","status":"publish","type":"page","link":"https:\/\/pegasussecurity.com.br\/es\/","title":{"rendered":"Seguridad Pegasus"},"content":{"rendered":"<div class=\"gb-container gb-container-f0f92e98 alignfull\">\n<div class=\"gb-container gb-container-7d8577a1\">\n<div class=\"gb-container gb-container-c1865076\">\n\n<h2 class=\"gb-headline gb-headline-33490afd gb-headline-text\">TRABAJAMOS PARA QUE HAYA SEGURIDAD<\/h2>\n\n\n\n<p>Nacimos por un \u00fanico gran objetivo: proporcionar ciberseguridad a todo tipo de empresas a costes competitivos con total orientaci\u00f3n al cliente.<\/p>\n\n\n\n<p>En Pegasus creemos en la creaci\u00f3n de relaciones y asociaciones, con soluciones personalizables y f\u00e1ciles de usar. Somos una empresa plug-n-play.<\/p>\n\n<\/div>\n\n<div class=\"gb-container gb-container-644ac47f\">\n<div class=\"gb-container gb-container-8143d9e7\">\n<div class=\"gb-container gb-container-4e704af7\">\n\n<figure class=\"gb-block-image gb-block-image-4baf041d\"><img loading=\"lazy\" decoding=\"async\" width=\"100\" height=\"100\" class=\"gb-image gb-image-4baf041d\" src=\"https:\/\/pegasussecurity.com.br\/wp-content\/uploads\/\/oper.svg\" alt=\"Operaci\u00f3n\" title=\"Operaci\u00f3n\"><\/figure>\n\n\n\n<p class=\"gb-headline gb-headline-93516ca9 gb-headline-text\"><strong>Operaci\u00f3n y Processos<\/strong><\/p>\n\n<\/div>\n\n<div class=\"gb-container gb-container-63878d95\">\n\n<figure class=\"gb-block-image gb-block-image-98597d2d\"><img loading=\"lazy\" decoding=\"async\" width=\"100\" height=\"100\" class=\"gb-image gb-image-98597d2d\" src=\"https:\/\/pegasussecurity.com.br\/wp-content\/uploads\/\/consult.svg\" alt=\"Consultor\u00eda e Implementaci\u00f3n\" title=\"Consultor\u00eda e Implementaci\u00f3n\"><\/figure>\n\n\n\n<p class=\"gb-headline gb-headline-e0525e6f gb-headline-text\"><strong>Consultor\u00eda e Implementaci\u00f3n<\/strong><\/p>\n\n<\/div>\n\n<div class=\"gb-container gb-container-24e5ad75\">\n\n<figure class=\"gb-block-image gb-block-image-663d77a6\"><img loading=\"lazy\" decoding=\"async\" width=\"100\" height=\"100\" class=\"gb-image gb-image-663d77a6\" src=\"https:\/\/pegasussecurity.com.br\/wp-content\/uploads\/\/arq.svg\" alt=\"Arquitectura\" title=\"Arquitectura\"><\/figure>\n\n\n\n<p class=\"gb-headline gb-headline-136f0d0d gb-headline-text\"><strong>Arquitectura<\/strong><\/p>\n\n<\/div>\n\n<div class=\"gb-container gb-container-733cf18f\">\n\n<figure class=\"gb-block-image gb-block-image-8e3e07f9\"><img loading=\"lazy\" decoding=\"async\" width=\"100\" height=\"100\" class=\"gb-image gb-image-8e3e07f9\" src=\"https:\/\/pegasussecurity.com.br\/wp-content\/uploads\/\/gov.svg\" alt=\"Gobernaci\u00f3n\" title=\"Gobernaci\u00f3n\"><\/figure>\n\n\n\n<p class=\"gb-headline gb-headline-95735421 gb-headline-text\"><strong>Gobernaci\u00f3n<\/strong><\/p>\n\n<\/div>\n<\/div>\n<\/div>\n<\/div>\n<\/div><div class=\"gb-container gb-container-8a110ca3 alignfull\">\n<div class=\"gb-container gb-container-43db7f2c\">\n<div class=\"gb-container gb-container-54cf7974\">\n\n<h2 class=\"gb-headline gb-headline-41cd3ebd\"><span class=\"gb-icon\"><svg xmlns=\"http:\/\/www.w3.org\/2000\/svg\" aria-hidden=\"true\" role=\"img\" height=\"1em\" width=\"1em\" viewbox=\"0 0 512 512\"><path fill=\"currentColor\" d=\"M504 256c0 136.967-111.033 248-248 248S8 392.967 8 256 119.033 8 256 8s248 111.033 248 248zM227.314 387.314l184-184c6.248-6.248 6.248-16.379 0-22.627l-22.627-22.627c-6.248-6.249-16.379-6.249-22.628 0L216 308.118l-70.059-70.059c-6.248-6.248-16.379-6.248-22.628 0l-22.627 22.627c-6.248 6.248-6.248 16.379 0 22.627l104 104c6.249 6.249 16.379 6.249 22.628.001z\"><\/path><\/svg><\/span><span class=\"gb-headline-text\">MISI\u00d3N<\/span><\/h2>\n\n\n\n<p style=\"font-size:16px\">Ofrecemos ciberseguridad asequible para todo tipo de empresas.<\/p>\n\n<\/div>\n\n<div class=\"gb-container gb-container-985566c1\">\n\n<h2 class=\"gb-headline gb-headline-cfad7804\"><span class=\"gb-icon\"><svg xmlns=\"http:\/\/www.w3.org\/2000\/svg\" aria-hidden=\"true\" role=\"img\" height=\"1em\" width=\"1em\" viewbox=\"0 0 512 512\"><path fill=\"currentColor\" d=\"M504 256c0 136.967-111.033 248-248 248S8 392.967 8 256 119.033 8 256 8s248 111.033 248 248zM227.314 387.314l184-184c6.248-6.248 6.248-16.379 0-22.627l-22.627-22.627c-6.248-6.249-16.379-6.249-22.628 0L216 308.118l-70.059-70.059c-6.248-6.248-16.379-6.248-22.628 0l-22.627 22.627c-6.248 6.248-6.248 16.379 0 22.627l104 104c6.249 6.249 16.379 6.249 22.628.001z\"><\/path><\/svg><\/span><span class=\"gb-headline-text\">VISI\u00d3N<\/span><\/h2>\n\n\n\n<p style=\"font-size:16px\">Ser reconocido como el mejor proveedor de servicios de ciberseguridad para el mercado de ciberseguridad de LATAM.<\/p>\n\n<\/div>\n\n<div class=\"gb-container gb-container-94b4bfbf\">\n\n<h2 class=\"gb-headline gb-headline-cfa945a3\"><span class=\"gb-icon\"><svg xmlns=\"http:\/\/www.w3.org\/2000\/svg\" aria-hidden=\"true\" role=\"img\" height=\"1em\" width=\"1em\" viewbox=\"0 0 512 512\"><path fill=\"currentColor\" d=\"M504 256c0 136.967-111.033 248-248 248S8 392.967 8 256 119.033 8 256 8s248 111.033 248 248zM227.314 387.314l184-184c6.248-6.248 6.248-16.379 0-22.627l-22.627-22.627c-6.248-6.249-16.379-6.249-22.628 0L216 308.118l-70.059-70.059c-6.248-6.248-16.379-6.248-22.628 0l-22.627 22.627c-6.248 6.248-6.248 16.379 0 22.627l104 104c6.249 6.249 16.379 6.249 22.628.001z\"><\/path><\/svg><\/span><span class=\"gb-headline-text\">VALORES<\/span><\/h2>\n\n\n\n<p style=\"font-size:16px\">\u00c9tica, Integridad, Transparencia, Colaboraci\u00f3n y Respeto.<\/p>\n\n<\/div>\n<\/div>\n<\/div><div class=\"gb-container gb-container-4a938184 alignfull\">\n<div class=\"gb-container gb-container-69a0eb79\">\n\n<h2 class=\"gb-headline gb-headline-62652f9e gb-headline-text bigger\">Apoyamos a nuestros clientes en su <mark class=\"gb-highlight\">Transformaci\u00f3n Digital<\/mark> mediante <mark class=\"gb-highlight\">servicios completos e integrales<\/mark><\/h2>\n\n\n\n<figure class=\"gb-block-image gb-block-image-6f84806f\"><img decoding=\"async\" class=\"gb-image gb-image-6f84806f\" src=\"https:\/\/pegasussecurity.com.br\/wp-content\/uploads\/4-dimensions-spanish.webp\" alt=\"4 dimensiones\" title=\"4 dimensiones\"><\/figure>\n\n\n\n<figure class=\"gb-block-image gb-block-image-0cfdefd5\"><img decoding=\"async\" class=\"gb-image gb-image-0cfdefd5\" src=\"https:\/\/pegasussecurity.com.br\/wp-content\/uploads\/4-dimensions-mobile-es.webp\" alt=\"4 dimensiones\" title=\"4 dimensiones\"><\/figure>\n\n\n\n<h2 class=\"gb-headline gb-headline-4a320133 gb-headline-text\">Responder a las necesidades de los clientes con <mark class=\"gb-highlight\">proximidad, eficacia, agilidad<\/mark> y <mark class=\"gb-highlight\">flexibilidad<\/mark><\/h2>\n\n<\/div>\n<\/div><div class=\"gb-container gb-container-01d40e73 alignfull\">\n<div class=\"gb-container gb-container-ea32b52f\">\n<div class=\"gb-container gb-container-0b266e88\">\n\n<h2 class=\"gb-headline gb-headline-5886e2e6 gb-headline-text\">NUESTROS PUNTOS FUERTES Y DIFERENCIALES<\/h2>\n\n<\/div>\n\n<div class=\"gb-container gb-container-b09b28bc\">\n\n<p class=\"gb-headline gb-headline-0edf6261 gb-headline-text\">Servicios <mark class=\"gb-highlight\">orientados al cliente<\/mark>. <\/p>\n\n\n\n<p class=\"gb-headline gb-headline-726e3ddc gb-headline-text\">Transformaci\u00f3n digital con un <mark class=\"gb-highlight\">asesor de confianza<\/mark>.<\/p>\n\n\n<div class=\"gb-container gb-container-bdf9c8d8\">\n<div class=\"gb-container gb-container-464f09df\">\n\n<h3 class=\"gb-headline gb-headline-79069c1b gb-headline-text\">CONF\u00cdA EN<\/h3>\n\n\n\n<p style=\"font-size:16px\">Servicio fiable, totalmente centrado en las necesidades del cliente<\/p>\n\n<\/div>\n\n<div class=\"gb-container gb-container-b971189c\">\n\n<h3 class=\"gb-headline gb-headline-970df43a gb-headline-text\">INNOVACI\u00d3N<\/h3>\n\n\n\n<p style=\"font-size:16px\">Liderar en un entorno de cambio r\u00e1pido a trav\u00e9s de la innovaci\u00f3n<\/p>\n\n<\/div>\n\n<div class=\"gb-container gb-container-fde2947d\">\n\n<h3 class=\"gb-headline gb-headline-0124eebd gb-headline-text\">COSTE<\/h3>\n\n\n\n<ul style=\"font-size:16px\" class=\"wp-block-list\">\n<li>Coste de la licencia h\u00edbrida<\/li>\n\n\n\n<li>Asistencia y mantenimiento r\u00e1pidos y personalizados<\/li>\n<\/ul>\n\n<\/div>\n<\/div>\n<\/div>\n<\/div>\n<\/div>","protected":false},"excerpt":{"rendered":"<p>TRABAJAMOS PARA QUE HAYA SEGURIDAD Nacimos por un \u00fanico gran objetivo: proporcionar ciberseguridad a todo tipo de empresas a costes competitivos con total orientaci\u00f3n al cliente. En Pegasus creemos en la creaci\u00f3n de relaciones y asociaciones, con soluciones personalizables y f\u00e1ciles de usar. Somos una empresa plug-n-play. Operaci\u00f3n y Processos Consultor\u00eda e Implementaci\u00f3n Arquitectura Gobernaci\u00f3n &#8230; <a title=\"Seguridad Pegasus\" class=\"read-more\" href=\"https:\/\/pegasussecurity.com.br\/es\/\" aria-label=\"Leer m\u00e1s sobre Seguridad Pegasus\">Leer m\u00e1s<\/a><\/p>\n","protected":false},"author":2,"featured_media":0,"parent":0,"menu_order":0,"comment_status":"closed","ping_status":"closed","template":"","meta":{"inline_featured_image":false,"footnotes":""},"class_list":["post-5361","page","type-page","status-publish"],"yoast_head":"<!-- This site is optimized with the Yoast SEO plugin v27.4 - https:\/\/yoast.com\/product\/yoast-seo-wordpress\/ -->\n<title>Seguridad Pegasus - Pegasus Security<\/title>\n<meta name=\"robots\" content=\"index, follow, max-snippet:-1, max-image-preview:large, max-video-preview:-1\" \/>\n<link rel=\"canonical\" href=\"https:\/\/pegasussecurity.com.br\/es\/\" \/>\n<meta property=\"og:locale\" content=\"es_ES\" \/>\n<meta property=\"og:type\" content=\"article\" \/>\n<meta property=\"og:title\" content=\"Seguridad Pegasus - Pegasus Security\" \/>\n<meta property=\"og:description\" content=\"TRABAJAMOS PARA QUE HAYA SEGURIDAD Nacimos por un \u00fanico gran objetivo: proporcionar ciberseguridad a todo tipo de empresas a costes competitivos con total orientaci\u00f3n al cliente. En Pegasus creemos en la creaci\u00f3n de relaciones y asociaciones, con soluciones personalizables y f\u00e1ciles de usar. Somos una empresa plug-n-play. Operaci\u00f3n y Processos Consultor\u00eda e Implementaci\u00f3n Arquitectura Gobernaci\u00f3n ... Leer m\u00e1s\" \/>\n<meta property=\"og:url\" content=\"https:\/\/pegasussecurity.com.br\/es\/\" \/>\n<meta property=\"og:site_name\" content=\"Pegasus Security\" \/>\n<meta property=\"article:modified_time\" content=\"2025-02-23T23:43:08+00:00\" \/>\n<meta property=\"og:image\" content=\"https:\/\/pegasussecurity.com.br\/wp-content\/uploads\/\/oper.svg\" \/>\n<script type=\"application\/ld+json\" class=\"yoast-schema-graph\">{\"@context\":\"https:\\\/\\\/schema.org\",\"@graph\":[{\"@type\":\"WebPage\",\"@id\":\"https:\\\/\\\/pegasussecurity.com.br\\\/es\\\/\",\"url\":\"https:\\\/\\\/pegasussecurity.com.br\\\/es\\\/\",\"name\":\"Seguridad Pegasus - Pegasus Security\",\"isPartOf\":{\"@id\":\"https:\\\/\\\/pegasussecurity.com.br\\\/es\\\/#website\"},\"primaryImageOfPage\":{\"@id\":\"https:\\\/\\\/pegasussecurity.com.br\\\/es\\\/#primaryimage\"},\"image\":{\"@id\":\"https:\\\/\\\/pegasussecurity.com.br\\\/es\\\/#primaryimage\"},\"thumbnailUrl\":\"https:\\\/\\\/pegasussecurity.com.br\\\/wp-content\\\/uploads\\\/\\\/oper.svg\",\"datePublished\":\"2024-08-06T20:23:00+00:00\",\"dateModified\":\"2025-02-23T23:43:08+00:00\",\"breadcrumb\":{\"@id\":\"https:\\\/\\\/pegasussecurity.com.br\\\/es\\\/#breadcrumb\"},\"inLanguage\":\"es\",\"potentialAction\":[{\"@type\":\"ReadAction\",\"target\":[\"https:\\\/\\\/pegasussecurity.com.br\\\/es\\\/\"]}]},{\"@type\":\"ImageObject\",\"inLanguage\":\"es\",\"@id\":\"https:\\\/\\\/pegasussecurity.com.br\\\/es\\\/#primaryimage\",\"url\":\"https:\\\/\\\/pegasussecurity.com.br\\\/wp-content\\\/uploads\\\/\\\/oper.svg\",\"contentUrl\":\"https:\\\/\\\/pegasussecurity.com.br\\\/wp-content\\\/uploads\\\/\\\/oper.svg\"},{\"@type\":\"BreadcrumbList\",\"@id\":\"https:\\\/\\\/pegasussecurity.com.br\\\/es\\\/#breadcrumb\",\"itemListElement\":[{\"@type\":\"ListItem\",\"position\":1,\"name\":\"Inicio\",\"item\":\"https:\\\/\\\/pegasussecurity.com.br\\\/es\\\/\"},{\"@type\":\"ListItem\",\"position\":2,\"name\":\"Seguridad Pegasus\"}]},{\"@type\":\"WebSite\",\"@id\":\"https:\\\/\\\/pegasussecurity.com.br\\\/es\\\/#website\",\"url\":\"https:\\\/\\\/pegasussecurity.com.br\\\/es\\\/\",\"name\":\"Pegasus Security\",\"description\":\"Cybersecurity for All\",\"publisher\":{\"@id\":\"https:\\\/\\\/pegasussecurity.com.br\\\/es\\\/#organization\"},\"alternateName\":\"Pegasus\",\"potentialAction\":[{\"@type\":\"SearchAction\",\"target\":{\"@type\":\"EntryPoint\",\"urlTemplate\":\"https:\\\/\\\/pegasussecurity.com.br\\\/es\\\/?s={search_term_string}\"},\"query-input\":{\"@type\":\"PropertyValueSpecification\",\"valueRequired\":true,\"valueName\":\"search_term_string\"}}],\"inLanguage\":\"es\"},{\"@type\":\"Organization\",\"@id\":\"https:\\\/\\\/pegasussecurity.com.br\\\/es\\\/#organization\",\"name\":\"Pegasus Security\",\"alternateName\":\"Pegasus Security\",\"url\":\"https:\\\/\\\/pegasussecurity.com.br\\\/es\\\/\",\"logo\":{\"@type\":\"ImageObject\",\"inLanguage\":\"es\",\"@id\":\"https:\\\/\\\/pegasussecurity.com.br\\\/es\\\/#\\\/schema\\\/logo\\\/image\\\/\",\"url\":\"https:\\\/\\\/pegasussecurity.com.br\\\/wp-content\\\/uploads\\\/cropped-pegasus-white-logo.webp\",\"contentUrl\":\"https:\\\/\\\/pegasussecurity.com.br\\\/wp-content\\\/uploads\\\/cropped-pegasus-white-logo.webp\",\"width\":392,\"height\":328,\"caption\":\"Pegasus Security\"},\"image\":{\"@id\":\"https:\\\/\\\/pegasussecurity.com.br\\\/es\\\/#\\\/schema\\\/logo\\\/image\\\/\"}}]}<\/script>\n<!-- \/ Yoast SEO plugin. -->","yoast_head_json":{"title":"Seguridad Pegasus - Pegasus Security","robots":{"index":"index","follow":"follow","max-snippet":"max-snippet:-1","max-image-preview":"max-image-preview:large","max-video-preview":"max-video-preview:-1"},"canonical":"https:\/\/pegasussecurity.com.br\/es\/","og_locale":"es_ES","og_type":"article","og_title":"Seguridad Pegasus - Pegasus Security","og_description":"TRABAJAMOS PARA QUE HAYA SEGURIDAD Nacimos por un \u00fanico gran objetivo: proporcionar ciberseguridad a todo tipo de empresas a costes competitivos con total orientaci\u00f3n al cliente. En Pegasus creemos en la creaci\u00f3n de relaciones y asociaciones, con soluciones personalizables y f\u00e1ciles de usar. Somos una empresa plug-n-play. Operaci\u00f3n y Processos Consultor\u00eda e Implementaci\u00f3n Arquitectura Gobernaci\u00f3n ... Leer m\u00e1s","og_url":"https:\/\/pegasussecurity.com.br\/es\/","og_site_name":"Pegasus Security","article_modified_time":"2025-02-23T23:43:08+00:00","og_image":[{"url":"https:\/\/pegasussecurity.com.br\/wp-content\/uploads\/\/oper.svg","type":"","width":"","height":""}],"schema":{"@context":"https:\/\/schema.org","@graph":[{"@type":"WebPage","@id":"https:\/\/pegasussecurity.com.br\/es\/","url":"https:\/\/pegasussecurity.com.br\/es\/","name":"Seguridad Pegasus - Pegasus Security","isPartOf":{"@id":"https:\/\/pegasussecurity.com.br\/es\/#website"},"primaryImageOfPage":{"@id":"https:\/\/pegasussecurity.com.br\/es\/#primaryimage"},"image":{"@id":"https:\/\/pegasussecurity.com.br\/es\/#primaryimage"},"thumbnailUrl":"https:\/\/pegasussecurity.com.br\/wp-content\/uploads\/\/oper.svg","datePublished":"2024-08-06T20:23:00+00:00","dateModified":"2025-02-23T23:43:08+00:00","breadcrumb":{"@id":"https:\/\/pegasussecurity.com.br\/es\/#breadcrumb"},"inLanguage":"es","potentialAction":[{"@type":"ReadAction","target":["https:\/\/pegasussecurity.com.br\/es\/"]}]},{"@type":"ImageObject","inLanguage":"es","@id":"https:\/\/pegasussecurity.com.br\/es\/#primaryimage","url":"https:\/\/pegasussecurity.com.br\/wp-content\/uploads\/\/oper.svg","contentUrl":"https:\/\/pegasussecurity.com.br\/wp-content\/uploads\/\/oper.svg"},{"@type":"BreadcrumbList","@id":"https:\/\/pegasussecurity.com.br\/es\/#breadcrumb","itemListElement":[{"@type":"ListItem","position":1,"name":"Inicio","item":"https:\/\/pegasussecurity.com.br\/es\/"},{"@type":"ListItem","position":2,"name":"Seguridad Pegasus"}]},{"@type":"WebSite","@id":"https:\/\/pegasussecurity.com.br\/es\/#website","url":"https:\/\/pegasussecurity.com.br\/es\/","name":"Pegasus Security","description":"Cybersecurity for All","publisher":{"@id":"https:\/\/pegasussecurity.com.br\/es\/#organization"},"alternateName":"Pegasus","potentialAction":[{"@type":"SearchAction","target":{"@type":"EntryPoint","urlTemplate":"https:\/\/pegasussecurity.com.br\/es\/?s={search_term_string}"},"query-input":{"@type":"PropertyValueSpecification","valueRequired":true,"valueName":"search_term_string"}}],"inLanguage":"es"},{"@type":"Organization","@id":"https:\/\/pegasussecurity.com.br\/es\/#organization","name":"Pegasus Security","alternateName":"Pegasus Security","url":"https:\/\/pegasussecurity.com.br\/es\/","logo":{"@type":"ImageObject","inLanguage":"es","@id":"https:\/\/pegasussecurity.com.br\/es\/#\/schema\/logo\/image\/","url":"https:\/\/pegasussecurity.com.br\/wp-content\/uploads\/cropped-pegasus-white-logo.webp","contentUrl":"https:\/\/pegasussecurity.com.br\/wp-content\/uploads\/cropped-pegasus-white-logo.webp","width":392,"height":328,"caption":"Pegasus Security"},"image":{"@id":"https:\/\/pegasussecurity.com.br\/es\/#\/schema\/logo\/image\/"}}]}},"_links":{"self":[{"href":"https:\/\/pegasussecurity.com.br\/es\/wp-json\/wp\/v2\/pages\/5361","targetHints":{"allow":["GET"]}}],"collection":[{"href":"https:\/\/pegasussecurity.com.br\/es\/wp-json\/wp\/v2\/pages"}],"about":[{"href":"https:\/\/pegasussecurity.com.br\/es\/wp-json\/wp\/v2\/types\/page"}],"author":[{"embeddable":true,"href":"https:\/\/pegasussecurity.com.br\/es\/wp-json\/wp\/v2\/users\/2"}],"replies":[{"embeddable":true,"href":"https:\/\/pegasussecurity.com.br\/es\/wp-json\/wp\/v2\/comments?post=5361"}],"version-history":[{"count":12,"href":"https:\/\/pegasussecurity.com.br\/es\/wp-json\/wp\/v2\/pages\/5361\/revisions"}],"predecessor-version":[{"id":5580,"href":"https:\/\/pegasussecurity.com.br\/es\/wp-json\/wp\/v2\/pages\/5361\/revisions\/5580"}],"wp:attachment":[{"href":"https:\/\/pegasussecurity.com.br\/es\/wp-json\/wp\/v2\/media?parent=5361"}],"curies":[{"name":"wp","href":"https:\/\/api.w.org\/{rel}","templated":true}]}}