{"id":5371,"date":"2024-08-07T00:22:41","date_gmt":"2024-08-07T03:22:41","guid":{"rendered":"https:\/\/pegasussecurity.com.br\/soluciones\/"},"modified":"2025-02-23T21:02:16","modified_gmt":"2025-02-24T00:02:16","slug":"soluciones","status":"publish","type":"page","link":"https:\/\/pegasussecurity.com.br\/es\/soluciones\/","title":{"rendered":"Soluciones"},"content":{"rendered":"<div class=\"gb-container gb-container-12cc8727 alignfull\">\n<div class=\"gb-container gb-container-8fa8053a\">\n<div class=\"gb-container gb-container-0b79e162\">\n\n<p class=\"gb-headline gb-headline-293825d6 gb-headline-text\">En un<br><mark class=\"gb-highlight\">mundo movido por datos,<\/mark><br>toda empresa moderna&nbsp;<br>necesita de SecOps<\/p>\n\n<\/div>\n\n<div class=\"gb-container gb-container-1e6b177d\">\n\n<h2 class=\"gb-headline gb-headline-c7d6b103\"><span class=\"gb-icon\"><svg xmlns=\"http:\/\/www.w3.org\/2000\/svg\" viewbox=\"0 0 512 512\"><path d=\"M352 0c-12.9 0-24.6 7.8-29.6 19.8s-2.2 25.7 6.9 34.9L370.7 96 201.4 265.4c-12.5 12.5-12.5 32.8 0 45.3s32.8 12.5 45.3 0L416 141.3l41.4 41.4c9.2 9.2 22.9 11.9 34.9 6.9s19.8-16.6 19.8-29.6l0-128c0-17.7-14.3-32-32-32L352 0zM80 32C35.8 32 0 67.8 0 112L0 432c0 44.2 35.8 80 80 80l320 0c44.2 0 80-35.8 80-80l0-112c0-17.7-14.3-32-32-32s-32 14.3-32 32l0 112c0 8.8-7.2 16-16 16L80 448c-8.8 0-16-7.2-16-16l0-320c0-8.8 7.2-16 16-16l112 0c17.7 0 32-14.3 32-32s-14.3-32-32-32L80 32z\"><\/path><\/svg><\/span><span class=\"gb-headline-text\"><a href=\"https:\/\/pegasussecurity.com.br\/es\/soluciones\/framework\/\">Framework<\/a><\/span><\/h2>\n\n\n\n<h3 class=\"gb-headline gb-headline-3b62a77a gb-headline-text\">Evaluar, identificar y preparar<\/h3>\n\n\n\n<p>\u00bfContra qui\u00e9n nos enfrentamos, qu\u00e9 necesitamos para protegernos, c\u00f3mo?<\/p>\n\n\n\n<h3 class=\"gb-headline gb-headline-791a68a9 gb-headline-text\">Protege<\/h3>\n\n\n\n<p>Desplegar y gestionar nuestras defensas.<\/p>\n\n\n\n<h3 class=\"gb-headline gb-headline-511408d7 gb-headline-text\">Detecta<\/h3>\n\n\n\n<p>Redes seguras para cuando fallen las medidas de protecci\u00f3n.<\/p>\n\n\n\n<h3 class=\"gb-headline gb-headline-1bca9aaf gb-headline-text\">Responder \/ Recuperar<\/h3>\n\n\n\n<p>Para ganar tiempo de respuesta cuando se produce una brecha de seguridad.<\/p>\n\n<\/div>\n<\/div>\n<\/div><div class=\"gb-container gb-container-fda0a368 alignfull\">\n<div class=\"gb-container gb-container-dc0b5db9\">\n\n<h2 class=\"gb-headline gb-headline-04396a88 gb-headline-text\">Cartera de productos y servicios<\/h2>\n\n<\/div>\n\n<div class=\"gb-container gb-container-d4b6d22c\">\n<div class=\"gb-container gb-container-1034c732\">\n\n<figure class=\"gb-block-image gb-block-image-049edcba\"><a href=\"https:\/\/pegasussecurity.com.br\/es\/soluciones\/x-soc\/\"><img loading=\"lazy\" decoding=\"async\" width=\"125\" height=\"125\" class=\"gb-image gb-image-049edcba hide-on-mobile\" src=\"https:\/\/pegasussecurity.com.br\/wp-content\/uploads\/2024\/05\/icone04.webp\" alt=\"\" title=\"icono04\"><\/a><\/figure>\n\n\n\n<h3 class=\"gb-headline gb-headline-24f0781e\"><span class=\"gb-icon\"><svg xmlns=\"http:\/\/www.w3.org\/2000\/svg\" viewbox=\"0 0 512 512\"><path d=\"M352 0c-12.9 0-24.6 7.8-29.6 19.8s-2.2 25.7 6.9 34.9L370.7 96 201.4 265.4c-12.5 12.5-12.5 32.8 0 45.3s32.8 12.5 45.3 0L416 141.3l41.4 41.4c9.2 9.2 22.9 11.9 34.9 6.9s19.8-16.6 19.8-29.6l0-128c0-17.7-14.3-32-32-32L352 0zM80 32C35.8 32 0 67.8 0 112L0 432c0 44.2 35.8 80 80 80l320 0c44.2 0 80-35.8 80-80l0-112c0-17.7-14.3-32-32-32s-32 14.3-32 32l0 112c0 8.8-7.2 16-16 16L80 448c-8.8 0-16-7.2-16-16l0-320c0-8.8 7.2-16 16-16l112 0c17.7 0 32-14.3 32-32s-14.3-32-32-32L80 32z\"><\/path><\/svg><\/span><span class=\"gb-headline-text\"><a href=\"https:\/\/pegasussecurity.com.br\/es\/soluciones\/x-soc\/\">X-SOC<\/a><\/span><\/h3>\n\n\n\n<ul style=\"font-size:16px\" class=\"wp-block-list produto\">\n<li style=\"font-size:15px\">Seguridad Gestionada (iSOC).<\/li>\n\n\n\n<li style=\"font-size:15px\">Modelo de servicio de vigilancia del entorno tecnol\u00f3gico de tu empresa.<\/li>\n\n\n\n<li style=\"font-size:15px\">Funcionamiento 24&#215;7 \/ Asistencia N1, N2 y N3.<\/li>\n<\/ul>\n\n<\/div>\n\n<div class=\"gb-container gb-container-3474c1d6\">\n\n<figure class=\"gb-block-image gb-block-image-738c7866\"><a href=\"https:\/\/pegasussecurity.com.br\/es\/soluciones\/x-secure\/\"><img loading=\"lazy\" decoding=\"async\" width=\"125\" height=\"125\" class=\"gb-image gb-image-738c7866 hide-on-mobile\" src=\"https:\/\/pegasussecurity.com.br\/wp-content\/uploads\/2024\/05\/icone01.webp\" alt=\"\" title=\"icono01\"><\/a><\/figure>\n\n\n\n<h3 class=\"gb-headline gb-headline-a2ed4837\"><span class=\"gb-icon\"><svg xmlns=\"http:\/\/www.w3.org\/2000\/svg\" viewbox=\"0 0 512 512\"><path d=\"M352 0c-12.9 0-24.6 7.8-29.6 19.8s-2.2 25.7 6.9 34.9L370.7 96 201.4 265.4c-12.5 12.5-12.5 32.8 0 45.3s32.8 12.5 45.3 0L416 141.3l41.4 41.4c9.2 9.2 22.9 11.9 34.9 6.9s19.8-16.6 19.8-29.6l0-128c0-17.7-14.3-32-32-32L352 0zM80 32C35.8 32 0 67.8 0 112L0 432c0 44.2 35.8 80 80 80l320 0c44.2 0 80-35.8 80-80l0-112c0-17.7-14.3-32-32-32s-32 14.3-32 32l0 112c0 8.8-7.2 16-16 16L80 448c-8.8 0-16-7.2-16-16l0-320c0-8.8 7.2-16 16-16l112 0c17.7 0 32-14.3 32-32s-14.3-32-32-32L80 32z\"><\/path><\/svg><\/span><span class=\"gb-headline-text\"><a href=\"https:\/\/pegasussecurity.com.br\/es\/soluciones\/x-secure\/\">X-SECURE<\/a><\/span><\/h3>\n\n\n\n<ul style=\"font-size:15px\" class=\"wp-block-list produto\">\n<li style=\"font-size:15px\">Detecci\u00f3n y Respuesta Gestionadas (MDR).<\/li>\n\n\n\n<li>Acciones de reparaci\u00f3n y contenci\u00f3n del impacto.<\/li>\n\n\n\n<li style=\"font-size:15px\">Forense Digital.<\/li>\n<\/ul>\n\n<\/div>\n\n<div class=\"gb-container gb-container-723179f1\">\n\n<figure class=\"gb-block-image gb-block-image-760d8a85\"><a href=\"https:\/\/pegasussecurity.com.br\/es\/soluciones\/x-vrm\/\"><img loading=\"lazy\" decoding=\"async\" width=\"125\" height=\"125\" class=\"gb-image gb-image-760d8a85 hide-on-mobile\" src=\"https:\/\/pegasussecurity.com.br\/wp-content\/uploads\/2024\/05\/icone02.webp\" alt=\"\" title=\"icono02\"><\/a><\/figure>\n\n\n\n<h3 class=\"gb-headline gb-headline-f20ced6e\"><span class=\"gb-icon\"><svg xmlns=\"http:\/\/www.w3.org\/2000\/svg\" viewbox=\"0 0 512 512\"><path d=\"M352 0c-12.9 0-24.6 7.8-29.6 19.8s-2.2 25.7 6.9 34.9L370.7 96 201.4 265.4c-12.5 12.5-12.5 32.8 0 45.3s32.8 12.5 45.3 0L416 141.3l41.4 41.4c9.2 9.2 22.9 11.9 34.9 6.9s19.8-16.6 19.8-29.6l0-128c0-17.7-14.3-32-32-32L352 0zM80 32C35.8 32 0 67.8 0 112L0 432c0 44.2 35.8 80 80 80l320 0c44.2 0 80-35.8 80-80l0-112c0-17.7-14.3-32-32-32s-32 14.3-32 32l0 112c0 8.8-7.2 16-16 16L80 448c-8.8 0-16-7.2-16-16l0-320c0-8.8 7.2-16 16-16l112 0c17.7 0 32-14.3 32-32s-14.3-32-32-32L80 32z\"><\/path><\/svg><\/span><span class=\"gb-headline-text\"><a href=\"https:\/\/pegasussecurity.com.br\/es\/soluciones\/x-vrm\/\">X-VRM<\/a><\/span><\/h3>\n\n\n\n<ul class=\"wp-block-list produto\">\n<li style=\"font-size:15px\">Identificar y gestionar las vulnerabilidades para prevenir los ciberataques.<\/li>\n\n\n\n<li style=\"font-size:15px\">Pruebas de penetraci\u00f3n y seguridad ofensiva.<\/li>\n\n\n\n<li style=\"font-size:15px\">Caza gestionada de amenazas.<\/li>\n<\/ul>\n\n<\/div>\n\n<div class=\"gb-container gb-container-1893e2fa\">\n\n<figure class=\"gb-block-image gb-block-image-cc3d388b\"><a href=\"https:\/\/pegasussecurity.com.br\/es\/soluciones\/x-threats\/\"><img loading=\"lazy\" decoding=\"async\" width=\"125\" height=\"125\" class=\"gb-image gb-image-cc3d388b hide-on-mobile\" src=\"https:\/\/pegasussecurity.com.br\/wp-content\/uploads\/2024\/05\/icone03.webp\" alt=\"\" title=\"icono03\"><\/a><\/figure>\n\n\n\n<h3 class=\"gb-headline gb-headline-e30ac81d\"><span class=\"gb-icon\"><svg xmlns=\"http:\/\/www.w3.org\/2000\/svg\" viewbox=\"0 0 512 512\"><path d=\"M352 0c-12.9 0-24.6 7.8-29.6 19.8s-2.2 25.7 6.9 34.9L370.7 96 201.4 265.4c-12.5 12.5-12.5 32.8 0 45.3s32.8 12.5 45.3 0L416 141.3l41.4 41.4c9.2 9.2 22.9 11.9 34.9 6.9s19.8-16.6 19.8-29.6l0-128c0-17.7-14.3-32-32-32L352 0zM80 32C35.8 32 0 67.8 0 112L0 432c0 44.2 35.8 80 80 80l320 0c44.2 0 80-35.8 80-80l0-112c0-17.7-14.3-32-32-32s-32 14.3-32 32l0 112c0 8.8-7.2 16-16 16L80 448c-8.8 0-16-7.2-16-16l0-320c0-8.8 7.2-16 16-16l112 0c17.7 0 32-14.3 32-32s-14.3-32-32-32L80 32z\"><\/path><\/svg><\/span><span class=\"gb-headline-text\"><a href=\"https:\/\/pegasussecurity.com.br\/es\/soluciones\/x-threats\/\">X-THREATS<\/a><\/span><\/h3>\n\n\n\n<ul class=\"wp-block-list produto\">\n<li style=\"font-size:15px\">Servicio integral que supervisa todo el ciclo de vida de las amenazas digitales que pueden afectar a tu organizaci\u00f3n:  <br\/><\/li>\n\n\n\n<li style=\"font-size:15px\">reputaci\u00f3n e imagen;  <\/li>\n\n\n\n<li style=\"font-size:15px\">funcionamiento y negocio;  <\/li>\n\n\n\n<li style=\"font-size:15px\">y fraudes en Internet con el nombre de tu empresa.<\/li>\n<\/ul>\n\n<\/div>\n\n<div class=\"gb-container gb-container-31595797\">\n\n<figure class=\"gb-block-image gb-block-image-e7013a8a\"><a href=\"https:\/\/pegasussecurity.com.br\/es\/soluciones\/x-cloud\/\"><img loading=\"lazy\" decoding=\"async\" width=\"125\" height=\"125\" class=\"gb-image gb-image-e7013a8a hide-on-mobile\" src=\"https:\/\/pegasussecurity.com.br\/wp-content\/uploads\/2024\/05\/icone06.webp\" alt=\"\" title=\"icono06\"><\/a><\/figure>\n\n\n\n<h3 class=\"gb-headline gb-headline-5a2d2877\"><span class=\"gb-icon\"><svg xmlns=\"http:\/\/www.w3.org\/2000\/svg\" viewbox=\"0 0 512 512\"><path d=\"M352 0c-12.9 0-24.6 7.8-29.6 19.8s-2.2 25.7 6.9 34.9L370.7 96 201.4 265.4c-12.5 12.5-12.5 32.8 0 45.3s32.8 12.5 45.3 0L416 141.3l41.4 41.4c9.2 9.2 22.9 11.9 34.9 6.9s19.8-16.6 19.8-29.6l0-128c0-17.7-14.3-32-32-32L352 0zM80 32C35.8 32 0 67.8 0 112L0 432c0 44.2 35.8 80 80 80l320 0c44.2 0 80-35.8 80-80l0-112c0-17.7-14.3-32-32-32s-32 14.3-32 32l0 112c0 8.8-7.2 16-16 16L80 448c-8.8 0-16-7.2-16-16l0-320c0-8.8 7.2-16 16-16l112 0c17.7 0 32-14.3 32-32s-14.3-32-32-32L80 32z\"><\/path><\/svg><\/span><span class=\"gb-headline-text\"><a href=\"https:\/\/pegasussecurity.com.br\/es\/soluciones\/x-cloud\/\">X-CLOUD<\/a><\/span><\/h3>\n\n\n\n<ul style=\"font-size:16px\" class=\"wp-block-list produto\">\n<li style=\"font-size:15px\">Gesti\u00f3n de la Postura de Seguridad en la Nube (CSPM).<\/li>\n\n\n\n<li>Protecci\u00f3n de la carga de trabajo en la nube (CWPP).<\/li>\n\n\n\n<li style=\"font-size:15px\">Evaluaci\u00f3n de la seguridad en la nube: eval\u00faa si las configuraciones de las soluciones en la nube se aplican correctamente e indica mejoras.<\/li>\n<\/ul>\n\n<\/div>\n\n<div class=\"gb-container gb-container-8f2a50c7\">\n\n<h3 class=\"gb-headline gb-headline-e05ab74d\"><span class=\"gb-icon\"><svg xmlns=\"http:\/\/www.w3.org\/2000\/svg\" viewbox=\"0 0 512 512\"><path d=\"M352 0c-12.9 0-24.6 7.8-29.6 19.8s-2.2 25.7 6.9 34.9L370.7 96 201.4 265.4c-12.5 12.5-12.5 32.8 0 45.3s32.8 12.5 45.3 0L416 141.3l41.4 41.4c9.2 9.2 22.9 11.9 34.9 6.9s19.8-16.6 19.8-29.6l0-128c0-17.7-14.3-32-32-32L352 0zM80 32C35.8 32 0 67.8 0 112L0 432c0 44.2 35.8 80 80 80l320 0c44.2 0 80-35.8 80-80l0-112c0-17.7-14.3-32-32-32s-32 14.3-32 32l0 112c0 8.8-7.2 16-16 16L80 448c-8.8 0-16-7.2-16-16l0-320c0-8.8 7.2-16 16-16l112 0c17.7 0 32-14.3 32-32s-14.3-32-32-32L80 32z\"><\/path><\/svg><\/span><span class=\"gb-headline-text\"><a href=\"https:\/\/pegasussecurity.com.br\/es\/soluciones\/consultoria\/\">CONSULTOR\u00cdA<\/a><\/span><\/h3>\n\n\n\n<ul style=\"font-size:15px\" class=\"wp-block-list produto\">\n<li>Servicios profesionales en seguridad de la informaci\u00f3n, an\u00e1lisis de brechas, DPO como servicio y LGPD son algunos de los trabajos realizados por nuestro equipo de consultor\u00eda.<\/li>\n<\/ul>\n\n<\/div>\n<\/div>\n<\/div>","protected":false},"excerpt":{"rendered":"<p>En unmundo movido por datos,toda empresa moderna&nbsp;necesita de SecOps Framework Evaluar, identificar y preparar \u00bfContra qui\u00e9n nos enfrentamos, qu\u00e9 necesitamos para protegernos, c\u00f3mo? Protege Desplegar y gestionar nuestras defensas. Detecta Redes seguras para cuando fallen las medidas de protecci\u00f3n. Responder \/ Recuperar Para ganar tiempo de respuesta cuando se produce una brecha de seguridad. Cartera &#8230; <a title=\"Soluciones\" class=\"read-more\" href=\"https:\/\/pegasussecurity.com.br\/es\/soluciones\/\" aria-label=\"Leer m\u00e1s sobre Soluciones\">Leer m\u00e1s<\/a><\/p>\n","protected":false},"author":2,"featured_media":0,"parent":0,"menu_order":0,"comment_status":"closed","ping_status":"closed","template":"","meta":{"inline_featured_image":false,"footnotes":""},"class_list":["post-5371","page","type-page","status-publish"],"yoast_head":"<!-- This site is optimized with the Yoast SEO plugin v27.4 - https:\/\/yoast.com\/product\/yoast-seo-wordpress\/ -->\n<title>Soluciones - Pegasus Security<\/title>\n<meta name=\"robots\" content=\"index, follow, max-snippet:-1, max-image-preview:large, max-video-preview:-1\" \/>\n<link rel=\"canonical\" href=\"https:\/\/pegasussecurity.com.br\/es\/soluciones\/\" \/>\n<meta property=\"og:locale\" content=\"es_ES\" \/>\n<meta property=\"og:type\" content=\"article\" \/>\n<meta property=\"og:title\" content=\"Soluciones - Pegasus Security\" \/>\n<meta property=\"og:description\" content=\"En unmundo movido por datos,toda empresa moderna&nbsp;necesita de SecOps Framework Evaluar, identificar y preparar \u00bfContra qui\u00e9n nos enfrentamos, qu\u00e9 necesitamos para protegernos, c\u00f3mo? Protege Desplegar y gestionar nuestras defensas. Detecta Redes seguras para cuando fallen las medidas de protecci\u00f3n. Responder \/ Recuperar Para ganar tiempo de respuesta cuando se produce una brecha de seguridad. Cartera ... Leer m\u00e1s\" \/>\n<meta property=\"og:url\" content=\"https:\/\/pegasussecurity.com.br\/es\/soluciones\/\" \/>\n<meta property=\"og:site_name\" content=\"Pegasus Security\" \/>\n<meta property=\"article:modified_time\" content=\"2025-02-24T00:02:16+00:00\" \/>\n<meta property=\"og:image\" content=\"https:\/\/pegasussecurity.com.br\/wp-content\/uploads\/2024\/05\/icone04.webp\" \/>\n<script type=\"application\/ld+json\" class=\"yoast-schema-graph\">{\"@context\":\"https:\\\/\\\/schema.org\",\"@graph\":[{\"@type\":\"WebPage\",\"@id\":\"https:\\\/\\\/pegasussecurity.com.br\\\/es\\\/soluciones\\\/\",\"url\":\"https:\\\/\\\/pegasussecurity.com.br\\\/es\\\/soluciones\\\/\",\"name\":\"Soluciones - Pegasus Security\",\"isPartOf\":{\"@id\":\"https:\\\/\\\/pegasussecurity.com.br\\\/es\\\/#website\"},\"primaryImageOfPage\":{\"@id\":\"https:\\\/\\\/pegasussecurity.com.br\\\/es\\\/soluciones\\\/#primaryimage\"},\"image\":{\"@id\":\"https:\\\/\\\/pegasussecurity.com.br\\\/es\\\/soluciones\\\/#primaryimage\"},\"thumbnailUrl\":\"https:\\\/\\\/pegasussecurity.com.br\\\/wp-content\\\/uploads\\\/2024\\\/05\\\/icone04.webp\",\"datePublished\":\"2024-08-07T03:22:41+00:00\",\"dateModified\":\"2025-02-24T00:02:16+00:00\",\"breadcrumb\":{\"@id\":\"https:\\\/\\\/pegasussecurity.com.br\\\/es\\\/soluciones\\\/#breadcrumb\"},\"inLanguage\":\"es\",\"potentialAction\":[{\"@type\":\"ReadAction\",\"target\":[\"https:\\\/\\\/pegasussecurity.com.br\\\/es\\\/soluciones\\\/\"]}]},{\"@type\":\"ImageObject\",\"inLanguage\":\"es\",\"@id\":\"https:\\\/\\\/pegasussecurity.com.br\\\/es\\\/soluciones\\\/#primaryimage\",\"url\":\"https:\\\/\\\/pegasussecurity.com.br\\\/wp-content\\\/uploads\\\/2024\\\/05\\\/icone04.webp\",\"contentUrl\":\"https:\\\/\\\/pegasussecurity.com.br\\\/wp-content\\\/uploads\\\/2024\\\/05\\\/icone04.webp\"},{\"@type\":\"BreadcrumbList\",\"@id\":\"https:\\\/\\\/pegasussecurity.com.br\\\/es\\\/soluciones\\\/#breadcrumb\",\"itemListElement\":[{\"@type\":\"ListItem\",\"position\":1,\"name\":\"Inicio\",\"item\":\"https:\\\/\\\/pegasussecurity.com.br\\\/es\\\/\"},{\"@type\":\"ListItem\",\"position\":2,\"name\":\"Soluciones\"}]},{\"@type\":\"WebSite\",\"@id\":\"https:\\\/\\\/pegasussecurity.com.br\\\/es\\\/#website\",\"url\":\"https:\\\/\\\/pegasussecurity.com.br\\\/es\\\/\",\"name\":\"Pegasus Security\",\"description\":\"Cybersecurity for All\",\"publisher\":{\"@id\":\"https:\\\/\\\/pegasussecurity.com.br\\\/es\\\/#organization\"},\"alternateName\":\"Pegasus\",\"potentialAction\":[{\"@type\":\"SearchAction\",\"target\":{\"@type\":\"EntryPoint\",\"urlTemplate\":\"https:\\\/\\\/pegasussecurity.com.br\\\/es\\\/?s={search_term_string}\"},\"query-input\":{\"@type\":\"PropertyValueSpecification\",\"valueRequired\":true,\"valueName\":\"search_term_string\"}}],\"inLanguage\":\"es\"},{\"@type\":\"Organization\",\"@id\":\"https:\\\/\\\/pegasussecurity.com.br\\\/es\\\/#organization\",\"name\":\"Pegasus Security\",\"alternateName\":\"Pegasus Security\",\"url\":\"https:\\\/\\\/pegasussecurity.com.br\\\/es\\\/\",\"logo\":{\"@type\":\"ImageObject\",\"inLanguage\":\"es\",\"@id\":\"https:\\\/\\\/pegasussecurity.com.br\\\/es\\\/#\\\/schema\\\/logo\\\/image\\\/\",\"url\":\"https:\\\/\\\/pegasussecurity.com.br\\\/wp-content\\\/uploads\\\/cropped-pegasus-white-logo.webp\",\"contentUrl\":\"https:\\\/\\\/pegasussecurity.com.br\\\/wp-content\\\/uploads\\\/cropped-pegasus-white-logo.webp\",\"width\":392,\"height\":328,\"caption\":\"Pegasus Security\"},\"image\":{\"@id\":\"https:\\\/\\\/pegasussecurity.com.br\\\/es\\\/#\\\/schema\\\/logo\\\/image\\\/\"}}]}<\/script>\n<!-- \/ Yoast SEO plugin. -->","yoast_head_json":{"title":"Soluciones - Pegasus Security","robots":{"index":"index","follow":"follow","max-snippet":"max-snippet:-1","max-image-preview":"max-image-preview:large","max-video-preview":"max-video-preview:-1"},"canonical":"https:\/\/pegasussecurity.com.br\/es\/soluciones\/","og_locale":"es_ES","og_type":"article","og_title":"Soluciones - Pegasus Security","og_description":"En unmundo movido por datos,toda empresa moderna&nbsp;necesita de SecOps Framework Evaluar, identificar y preparar \u00bfContra qui\u00e9n nos enfrentamos, qu\u00e9 necesitamos para protegernos, c\u00f3mo? Protege Desplegar y gestionar nuestras defensas. Detecta Redes seguras para cuando fallen las medidas de protecci\u00f3n. Responder \/ Recuperar Para ganar tiempo de respuesta cuando se produce una brecha de seguridad. Cartera ... Leer m\u00e1s","og_url":"https:\/\/pegasussecurity.com.br\/es\/soluciones\/","og_site_name":"Pegasus Security","article_modified_time":"2025-02-24T00:02:16+00:00","og_image":[{"url":"https:\/\/pegasussecurity.com.br\/wp-content\/uploads\/2024\/05\/icone04.webp","type":"","width":"","height":""}],"schema":{"@context":"https:\/\/schema.org","@graph":[{"@type":"WebPage","@id":"https:\/\/pegasussecurity.com.br\/es\/soluciones\/","url":"https:\/\/pegasussecurity.com.br\/es\/soluciones\/","name":"Soluciones - Pegasus Security","isPartOf":{"@id":"https:\/\/pegasussecurity.com.br\/es\/#website"},"primaryImageOfPage":{"@id":"https:\/\/pegasussecurity.com.br\/es\/soluciones\/#primaryimage"},"image":{"@id":"https:\/\/pegasussecurity.com.br\/es\/soluciones\/#primaryimage"},"thumbnailUrl":"https:\/\/pegasussecurity.com.br\/wp-content\/uploads\/2024\/05\/icone04.webp","datePublished":"2024-08-07T03:22:41+00:00","dateModified":"2025-02-24T00:02:16+00:00","breadcrumb":{"@id":"https:\/\/pegasussecurity.com.br\/es\/soluciones\/#breadcrumb"},"inLanguage":"es","potentialAction":[{"@type":"ReadAction","target":["https:\/\/pegasussecurity.com.br\/es\/soluciones\/"]}]},{"@type":"ImageObject","inLanguage":"es","@id":"https:\/\/pegasussecurity.com.br\/es\/soluciones\/#primaryimage","url":"https:\/\/pegasussecurity.com.br\/wp-content\/uploads\/2024\/05\/icone04.webp","contentUrl":"https:\/\/pegasussecurity.com.br\/wp-content\/uploads\/2024\/05\/icone04.webp"},{"@type":"BreadcrumbList","@id":"https:\/\/pegasussecurity.com.br\/es\/soluciones\/#breadcrumb","itemListElement":[{"@type":"ListItem","position":1,"name":"Inicio","item":"https:\/\/pegasussecurity.com.br\/es\/"},{"@type":"ListItem","position":2,"name":"Soluciones"}]},{"@type":"WebSite","@id":"https:\/\/pegasussecurity.com.br\/es\/#website","url":"https:\/\/pegasussecurity.com.br\/es\/","name":"Pegasus Security","description":"Cybersecurity for All","publisher":{"@id":"https:\/\/pegasussecurity.com.br\/es\/#organization"},"alternateName":"Pegasus","potentialAction":[{"@type":"SearchAction","target":{"@type":"EntryPoint","urlTemplate":"https:\/\/pegasussecurity.com.br\/es\/?s={search_term_string}"},"query-input":{"@type":"PropertyValueSpecification","valueRequired":true,"valueName":"search_term_string"}}],"inLanguage":"es"},{"@type":"Organization","@id":"https:\/\/pegasussecurity.com.br\/es\/#organization","name":"Pegasus Security","alternateName":"Pegasus Security","url":"https:\/\/pegasussecurity.com.br\/es\/","logo":{"@type":"ImageObject","inLanguage":"es","@id":"https:\/\/pegasussecurity.com.br\/es\/#\/schema\/logo\/image\/","url":"https:\/\/pegasussecurity.com.br\/wp-content\/uploads\/cropped-pegasus-white-logo.webp","contentUrl":"https:\/\/pegasussecurity.com.br\/wp-content\/uploads\/cropped-pegasus-white-logo.webp","width":392,"height":328,"caption":"Pegasus Security"},"image":{"@id":"https:\/\/pegasussecurity.com.br\/es\/#\/schema\/logo\/image\/"}}]}},"_links":{"self":[{"href":"https:\/\/pegasussecurity.com.br\/es\/wp-json\/wp\/v2\/pages\/5371","targetHints":{"allow":["GET"]}}],"collection":[{"href":"https:\/\/pegasussecurity.com.br\/es\/wp-json\/wp\/v2\/pages"}],"about":[{"href":"https:\/\/pegasussecurity.com.br\/es\/wp-json\/wp\/v2\/types\/page"}],"author":[{"embeddable":true,"href":"https:\/\/pegasussecurity.com.br\/es\/wp-json\/wp\/v2\/users\/2"}],"replies":[{"embeddable":true,"href":"https:\/\/pegasussecurity.com.br\/es\/wp-json\/wp\/v2\/comments?post=5371"}],"version-history":[{"count":7,"href":"https:\/\/pegasussecurity.com.br\/es\/wp-json\/wp\/v2\/pages\/5371\/revisions"}],"predecessor-version":[{"id":5592,"href":"https:\/\/pegasussecurity.com.br\/es\/wp-json\/wp\/v2\/pages\/5371\/revisions\/5592"}],"wp:attachment":[{"href":"https:\/\/pegasussecurity.com.br\/es\/wp-json\/wp\/v2\/media?parent=5371"}],"curies":[{"name":"wp","href":"https:\/\/api.w.org\/{rel}","templated":true}]}}