{"id":5483,"date":"2024-05-08T16:13:01","date_gmt":"2024-05-08T19:13:01","guid":{"rendered":"https:\/\/pegasussecurity.com.br\/politica-de-privacidad\/"},"modified":"2025-02-23T19:56:53","modified_gmt":"2025-02-23T22:56:53","slug":"politica-de-privacidad","status":"publish","type":"page","link":"https:\/\/pegasussecurity.com.br\/es\/politica-de-privacidad\/","title":{"rendered":"Pol\u00edtica de Privacidad"},"content":{"rendered":"\n<p><br\/>Su privacidad es importante para nosotros. Es pol\u00edtica de Pegasus Security respetar su privacidad con respecto a cualquier informaci\u00f3n que podamos recopilar de usted a trav\u00e9s del sitio web de Pegasus Security y otros sitios que poseemos y operamos.<\/p>\n\n<p>S\u00f3lo solicitamos informaci\u00f3n personal cuando realmente la necesitamos para brindarle un servicio. Lo hacemos por medios justos y legales, con su conocimiento y consentimiento. Tambi\u00e9n le informamos por qu\u00e9 la recopilamos y c\u00f3mo se utilizar\u00e1.<\/p>\n\n<p>Solo conservamos la informaci\u00f3n recopilada durante el tiempo que sea necesario para brindarle el servicio solicitado. Los datos que almacenamos los protegeremos mediante medios comercialmente aceptables para evitar p\u00e9rdidas y robos, as\u00ed como accesos, divulgaciones, copias, usos o modificaciones no autorizados.<\/p>\n\n<p>No compartimos ninguna informaci\u00f3n de identificaci\u00f3n personal p\u00fablicamente ni con terceros, excepto cuando lo exige la ley.<\/p>\n\n<p>Nuestro sitio web puede contener enlaces a sitios web externos que no son operados por nosotros. Tenga en cuenta que no tenemos control sobre el contenido y las pr\u00e1cticas de estos sitios y no podemos aceptar responsabilidad alguna por sus respectivas pol\u00edticas de privacidad.<\/p>\n\n<p>Usted es libre de rechazar nuestra solicitud de su informaci\u00f3n personal, con el entendimiento de que es posible que no podamos brindarle algunos de los servicios deseados.<\/p>\n\n<p>Su uso continuado de nuestro sitio web se considerar\u00e1 como la aceptaci\u00f3n de nuestras pr\u00e1cticas en torno a la privacidad e informaci\u00f3n personal. Si tiene alguna pregunta sobre c\u00f3mo manejamos los datos de los usuarios y la informaci\u00f3n personal, cont\u00e1ctenos.<\/p>\n\n<p>El servicio Google AdSense que utilizamos para mostrar publicidad utiliza una cookie de DoubleClick para mostrar anuncios m\u00e1s relevantes en la web y limitar la cantidad de veces que se le muestra un anuncio determinado.<br\/>Para obtener m\u00e1s informaci\u00f3n sobre Google AdSense, consulte las Preguntas frecuentes oficiales sobre privacidad de Google AdSense.<br\/>Utilizamos anuncios para compensar los costos de funcionamiento de este sitio web y proporcionar fondos para el desarrollo futuro. Las cookies de publicidad comportamental que utiliza este sitio est\u00e1n dise\u00f1adas para garantizar que le proporcionemos los anuncios m\u00e1s relevantes siempre que sea posible mediante el seguimiento an\u00f3nimo de sus intereses y la presentaci\u00f3n de cosas similares que puedan ser de su inter\u00e9s.<br\/>Varios socios hacen publicidad en nuestro nombre y las cookies de seguimiento de afiliados simplemente nos permiten ver si nuestros clientes han llegado al sitio a trav\u00e9s de uno de los sitios de nuestros socios para que podamos acreditarlos adecuadamente y, cuando corresponda, permitir que nuestros socios afiliados proporcionen cualquier bonificaci\u00f3n que puedan brindarle por realizar una compra.<\/p>\n\n<p>Compromiso del usuario<br\/>El usuario se compromete a hacer un uso adecuado de los contenidos e informaci\u00f3n que Pegasus Security ofrece en el sitio web y, con car\u00e1cter enunciativo pero no limitativo, a:<\/p>\n\n<p>A) No incurrir en actividades ilegales o contrarias a la buena fe y al orden p\u00fablico;<br\/>B) No difundir propaganda o contenidos de car\u00e1cter racista, xen\u00f3fobo, de apolog\u00eda del terrorismo o atentatorio contra los derechos humanos;<br\/>C) No provocar da\u00f1os en los sistemas f\u00edsicos (hardware) y l\u00f3gicos (software) de Pegasus Security, de sus proveedores o de terceras personas, introducir o difundir en la red virus inform\u00e1ticos o cualesquiera otros sistemas f\u00edsicos o l\u00f3gicos que sean susceptibles de provocar los da\u00f1os anteriormente mencionados.<br\/><br\/>M\u00e1s informaci\u00f3n<br\/>Esperamos que esto haya aclarado las cosas para usted y, como se mencion\u00f3 anteriormente, si hay algo que no est\u00e1 seguro de si necesita o no, generalmente es m\u00e1s seguro dejar las cookies habilitadas en caso de que interact\u00fae con una de las funciones que utiliza en nuestro sitio.<\/p>\n\n<p>Esta pol\u00edtica entra en vigencia a partir del 21 de mayo de 2024 a las 8:00<\/p>\n","protected":false},"excerpt":{"rendered":"<p>Su privacidad es importante para nosotros. Es pol\u00edtica de Pegasus Security respetar su privacidad con respecto a cualquier informaci\u00f3n que podamos recopilar de usted a trav\u00e9s del sitio web de Pegasus Security y otros sitios que poseemos y operamos. S\u00f3lo solicitamos informaci\u00f3n personal cuando realmente la necesitamos para brindarle un servicio. Lo hacemos por medios &#8230; <a title=\"Pol\u00edtica de Privacidad\" class=\"read-more\" href=\"https:\/\/pegasussecurity.com.br\/es\/politica-de-privacidad\/\" aria-label=\"Leer m\u00e1s sobre Pol\u00edtica de Privacidad\">Leer m\u00e1s<\/a><\/p>\n","protected":false},"author":2,"featured_media":0,"parent":0,"menu_order":0,"comment_status":"closed","ping_status":"open","template":"","meta":{"inline_featured_image":false,"footnotes":""},"class_list":["post-5483","page","type-page","status-publish"],"yoast_head":"<!-- This site is optimized with the Yoast SEO plugin v27.4 - https:\/\/yoast.com\/product\/yoast-seo-wordpress\/ -->\n<title>Pol\u00edtica de Privacidad - Pegasus Security<\/title>\n<meta name=\"robots\" content=\"index, follow, max-snippet:-1, max-image-preview:large, max-video-preview:-1\" \/>\n<link rel=\"canonical\" href=\"https:\/\/pegasussecurity.com.br\/es\/politica-de-privacidad\/\" \/>\n<meta property=\"og:locale\" content=\"es_ES\" \/>\n<meta property=\"og:type\" content=\"article\" \/>\n<meta property=\"og:title\" content=\"Pol\u00edtica de Privacidad - Pegasus Security\" \/>\n<meta property=\"og:description\" content=\"Su privacidad es importante para nosotros. Es pol\u00edtica de Pegasus Security respetar su privacidad con respecto a cualquier informaci\u00f3n que podamos recopilar de usted a trav\u00e9s del sitio web de Pegasus Security y otros sitios que poseemos y operamos. S\u00f3lo solicitamos informaci\u00f3n personal cuando realmente la necesitamos para brindarle un servicio. Lo hacemos por medios ... Leer m\u00e1s\" \/>\n<meta property=\"og:url\" content=\"https:\/\/pegasussecurity.com.br\/es\/politica-de-privacidad\/\" \/>\n<meta property=\"og:site_name\" content=\"Pegasus Security\" \/>\n<meta property=\"article:modified_time\" content=\"2025-02-23T22:56:53+00:00\" \/>\n<meta property=\"og:image\" content=\"https:\/\/pegasussecurity.com.br\/wp-content\/uploads\/pegasus.jpg\" \/>\n\t<meta property=\"og:image:width\" content=\"1098\" \/>\n\t<meta property=\"og:image:height\" content=\"500\" \/>\n\t<meta property=\"og:image:type\" content=\"image\/jpeg\" \/>\n<script type=\"application\/ld+json\" class=\"yoast-schema-graph\">{\"@context\":\"https:\\\/\\\/schema.org\",\"@graph\":[{\"@type\":\"WebPage\",\"@id\":\"https:\\\/\\\/pegasussecurity.com.br\\\/es\\\/politica-de-privacidad\\\/\",\"url\":\"https:\\\/\\\/pegasussecurity.com.br\\\/es\\\/politica-de-privacidad\\\/\",\"name\":\"Pol\u00edtica de Privacidad - Pegasus Security\",\"isPartOf\":{\"@id\":\"https:\\\/\\\/pegasussecurity.com.br\\\/es\\\/#website\"},\"datePublished\":\"2024-05-08T19:13:01+00:00\",\"dateModified\":\"2025-02-23T22:56:53+00:00\",\"breadcrumb\":{\"@id\":\"https:\\\/\\\/pegasussecurity.com.br\\\/es\\\/politica-de-privacidad\\\/#breadcrumb\"},\"inLanguage\":\"es\",\"potentialAction\":[{\"@type\":\"ReadAction\",\"target\":[\"https:\\\/\\\/pegasussecurity.com.br\\\/es\\\/politica-de-privacidad\\\/\"]}]},{\"@type\":\"BreadcrumbList\",\"@id\":\"https:\\\/\\\/pegasussecurity.com.br\\\/es\\\/politica-de-privacidad\\\/#breadcrumb\",\"itemListElement\":[{\"@type\":\"ListItem\",\"position\":1,\"name\":\"Inicio\",\"item\":\"https:\\\/\\\/pegasussecurity.com.br\\\/es\\\/\"},{\"@type\":\"ListItem\",\"position\":2,\"name\":\"Pol\u00edtica de Privacidad\"}]},{\"@type\":\"WebSite\",\"@id\":\"https:\\\/\\\/pegasussecurity.com.br\\\/es\\\/#website\",\"url\":\"https:\\\/\\\/pegasussecurity.com.br\\\/es\\\/\",\"name\":\"Pegasus Security\",\"description\":\"Cybersecurity for All\",\"publisher\":{\"@id\":\"https:\\\/\\\/pegasussecurity.com.br\\\/es\\\/#organization\"},\"alternateName\":\"Pegasus\",\"potentialAction\":[{\"@type\":\"SearchAction\",\"target\":{\"@type\":\"EntryPoint\",\"urlTemplate\":\"https:\\\/\\\/pegasussecurity.com.br\\\/es\\\/?s={search_term_string}\"},\"query-input\":{\"@type\":\"PropertyValueSpecification\",\"valueRequired\":true,\"valueName\":\"search_term_string\"}}],\"inLanguage\":\"es\"},{\"@type\":\"Organization\",\"@id\":\"https:\\\/\\\/pegasussecurity.com.br\\\/es\\\/#organization\",\"name\":\"Pegasus Security\",\"alternateName\":\"Pegasus Security\",\"url\":\"https:\\\/\\\/pegasussecurity.com.br\\\/es\\\/\",\"logo\":{\"@type\":\"ImageObject\",\"inLanguage\":\"es\",\"@id\":\"https:\\\/\\\/pegasussecurity.com.br\\\/es\\\/#\\\/schema\\\/logo\\\/image\\\/\",\"url\":\"https:\\\/\\\/pegasussecurity.com.br\\\/wp-content\\\/uploads\\\/cropped-pegasus-white-logo.webp\",\"contentUrl\":\"https:\\\/\\\/pegasussecurity.com.br\\\/wp-content\\\/uploads\\\/cropped-pegasus-white-logo.webp\",\"width\":392,\"height\":328,\"caption\":\"Pegasus Security\"},\"image\":{\"@id\":\"https:\\\/\\\/pegasussecurity.com.br\\\/es\\\/#\\\/schema\\\/logo\\\/image\\\/\"}}]}<\/script>\n<!-- \/ Yoast SEO plugin. -->","yoast_head_json":{"title":"Pol\u00edtica de Privacidad - Pegasus Security","robots":{"index":"index","follow":"follow","max-snippet":"max-snippet:-1","max-image-preview":"max-image-preview:large","max-video-preview":"max-video-preview:-1"},"canonical":"https:\/\/pegasussecurity.com.br\/es\/politica-de-privacidad\/","og_locale":"es_ES","og_type":"article","og_title":"Pol\u00edtica de Privacidad - Pegasus Security","og_description":"Su privacidad es importante para nosotros. Es pol\u00edtica de Pegasus Security respetar su privacidad con respecto a cualquier informaci\u00f3n que podamos recopilar de usted a trav\u00e9s del sitio web de Pegasus Security y otros sitios que poseemos y operamos. S\u00f3lo solicitamos informaci\u00f3n personal cuando realmente la necesitamos para brindarle un servicio. Lo hacemos por medios ... Leer m\u00e1s","og_url":"https:\/\/pegasussecurity.com.br\/es\/politica-de-privacidad\/","og_site_name":"Pegasus Security","article_modified_time":"2025-02-23T22:56:53+00:00","og_image":[{"width":1098,"height":500,"url":"https:\/\/pegasussecurity.com.br\/wp-content\/uploads\/pegasus.jpg","type":"image\/jpeg"}],"schema":{"@context":"https:\/\/schema.org","@graph":[{"@type":"WebPage","@id":"https:\/\/pegasussecurity.com.br\/es\/politica-de-privacidad\/","url":"https:\/\/pegasussecurity.com.br\/es\/politica-de-privacidad\/","name":"Pol\u00edtica de Privacidad - Pegasus Security","isPartOf":{"@id":"https:\/\/pegasussecurity.com.br\/es\/#website"},"datePublished":"2024-05-08T19:13:01+00:00","dateModified":"2025-02-23T22:56:53+00:00","breadcrumb":{"@id":"https:\/\/pegasussecurity.com.br\/es\/politica-de-privacidad\/#breadcrumb"},"inLanguage":"es","potentialAction":[{"@type":"ReadAction","target":["https:\/\/pegasussecurity.com.br\/es\/politica-de-privacidad\/"]}]},{"@type":"BreadcrumbList","@id":"https:\/\/pegasussecurity.com.br\/es\/politica-de-privacidad\/#breadcrumb","itemListElement":[{"@type":"ListItem","position":1,"name":"Inicio","item":"https:\/\/pegasussecurity.com.br\/es\/"},{"@type":"ListItem","position":2,"name":"Pol\u00edtica de Privacidad"}]},{"@type":"WebSite","@id":"https:\/\/pegasussecurity.com.br\/es\/#website","url":"https:\/\/pegasussecurity.com.br\/es\/","name":"Pegasus Security","description":"Cybersecurity for All","publisher":{"@id":"https:\/\/pegasussecurity.com.br\/es\/#organization"},"alternateName":"Pegasus","potentialAction":[{"@type":"SearchAction","target":{"@type":"EntryPoint","urlTemplate":"https:\/\/pegasussecurity.com.br\/es\/?s={search_term_string}"},"query-input":{"@type":"PropertyValueSpecification","valueRequired":true,"valueName":"search_term_string"}}],"inLanguage":"es"},{"@type":"Organization","@id":"https:\/\/pegasussecurity.com.br\/es\/#organization","name":"Pegasus Security","alternateName":"Pegasus Security","url":"https:\/\/pegasussecurity.com.br\/es\/","logo":{"@type":"ImageObject","inLanguage":"es","@id":"https:\/\/pegasussecurity.com.br\/es\/#\/schema\/logo\/image\/","url":"https:\/\/pegasussecurity.com.br\/wp-content\/uploads\/cropped-pegasus-white-logo.webp","contentUrl":"https:\/\/pegasussecurity.com.br\/wp-content\/uploads\/cropped-pegasus-white-logo.webp","width":392,"height":328,"caption":"Pegasus Security"},"image":{"@id":"https:\/\/pegasussecurity.com.br\/es\/#\/schema\/logo\/image\/"}}]}},"_links":{"self":[{"href":"https:\/\/pegasussecurity.com.br\/es\/wp-json\/wp\/v2\/pages\/5483","targetHints":{"allow":["GET"]}}],"collection":[{"href":"https:\/\/pegasussecurity.com.br\/es\/wp-json\/wp\/v2\/pages"}],"about":[{"href":"https:\/\/pegasussecurity.com.br\/es\/wp-json\/wp\/v2\/types\/page"}],"author":[{"embeddable":true,"href":"https:\/\/pegasussecurity.com.br\/es\/wp-json\/wp\/v2\/users\/2"}],"replies":[{"embeddable":true,"href":"https:\/\/pegasussecurity.com.br\/es\/wp-json\/wp\/v2\/comments?post=5483"}],"version-history":[{"count":1,"href":"https:\/\/pegasussecurity.com.br\/es\/wp-json\/wp\/v2\/pages\/5483\/revisions"}],"predecessor-version":[{"id":5484,"href":"https:\/\/pegasussecurity.com.br\/es\/wp-json\/wp\/v2\/pages\/5483\/revisions\/5484"}],"wp:attachment":[{"href":"https:\/\/pegasussecurity.com.br\/es\/wp-json\/wp\/v2\/media?parent=5483"}],"curies":[{"name":"wp","href":"https:\/\/api.w.org\/{rel}","templated":true}]}}