{"id":5498,"date":"2024-08-06T17:26:38","date_gmt":"2024-08-06T20:26:38","guid":{"rendered":"https:\/\/pegasussecurity.com.br\/soluciones\/x-soc\/"},"modified":"2025-02-17T18:27:21","modified_gmt":"2025-02-17T21:27:21","slug":"x-soc","status":"publish","type":"page","link":"https:\/\/pegasussecurity.com.br\/es\/soluciones\/x-soc\/","title":{"rendered":"X-SOC"},"content":{"rendered":"<div class=\"gb-container gb-container-643a03f1 alignfull\">\n<div class=\"gb-container gb-container-c0c4e0e3\">\n<div class=\"gb-container gb-container-4ea21334\">\n\n<h2 class=\"gb-headline gb-headline-06d1c4ff gb-headline-text\">Seguridad Administrada<br>MSS<\/h2>\n\n\n\n<p class=\"gb-headline gb-headline-507002bb gb-headline-text\">Gesti\u00f3n de tecnolog\u00eda de protecci\u00f3n para garantizar la seguridad y resiliencia de los sistemas, as\u00ed como proteger los recursos organizacionales a trav\u00e9s del Mantenimiento, Soporte y Administraci\u00f3n de dispositivos.<br><\/p>\n\n<\/div>\n\n<div class=\"gb-container gb-container-20441259\">\n\n<h3 class=\"gb-headline gb-headline-914b850d gb-headline-text\"><mark class=\"gb-highlight\">Pegasus Security ofrece el mejor servicio<\/mark> brindado por nuestros expertos en seguridad:<\/h3>\n\n\n\n<h4 class=\"gb-headline gb-headline-bf47a470 gb-headline-text\">Gesti\u00f3n de seguridad<\/h4>\n\n\n\n<p>Actividades de administraci\u00f3n y supervisi\u00f3n 24&#215;7 de su entorno de seguridad.<\/p>\n\n\n\n<h4 class=\"gb-headline gb-headline-734a06ca gb-headline-text\">Gesti\u00f3n SIEM<\/h4>\n\n\n\n<p class=\"gb-headline gb-headline-4a70a9eb gb-headline-text\"><mark class=\"gb-highlight\">Administraci\u00f3n y operaci\u00f3n<\/mark> de SIEM, brindando adem\u00e1s monitoreo <mark class=\"gb-highlight\">24&#215;7, correlaci\u00f3n<\/mark> y remediaci\u00f3n automatizada con la integraci\u00f3n de eventos de seguridad de la infraestructura del cliente a nuestra plataforma XSSP.<span id=\"docs-internal-guid-70095115-7fff-3fe9-a036-9ce58d643c77\"><\/span><\/p>\n\n<\/div>\n<\/div>\n<\/div><div class=\"gb-container gb-container-e2506f05 alignfull\">\n<div class=\"gb-container gb-container-4df911ec\">\n<div class=\"gb-container gb-container-1c79ce0f\">\n\n<p class=\"gb-headline gb-headline-9394fac8 gb-headline-text\">Para tener \u00e9xito en su enfoque de seguridad resiliente hoy, necesita aplicar contexto, visibilidad e inteligencia a las l\u00edneas de defensa descritas anteriormente. As\u00ed es como nuestro X-SOC aporta capas de seguridad adicionales a su empresa, que brindan servicios de detecci\u00f3n, respuesta y recuperaci\u00f3n. <\/p>\n\n<\/div>\n\n<div class=\"gb-container gb-container-0ca18755\">\n\n<p class=\"gb-headline gb-headline-663baed0 gb-headline-text\"><mark class=\"gb-highlight\">Contexto<\/mark> es lo que obtenemos de m\u00faltiples fuentes de servicios de protecci\u00f3n en l\u00ednea que analizan datos importantes y significativos necesarios para discernir entre alarmas falsas y verdaderas, si existe una amenaza real, cu\u00e1l es el peligro, c\u00f3mo podr\u00eda afectarme o, si ya me han atacado, cu\u00e1l es el impacto del ataque. Disponer de los datos correctos tambi\u00e9n es fundamental para realizar an\u00e1lisis detallados y definir acciones posteriores (acciones legales, mejoras, etc.). <\/p>\n\n\n\n<p class=\"gb-headline gb-headline-1fc74b08 gb-headline-text\"><mark class=\"gb-highlight\">Visibilidad<\/mark> significa contar con tecnolog\u00eda de punta para la orquestaci\u00f3n, respuesta autom\u00e1tica e identificaci\u00f3n clara del riesgo para permitir al cliente tomar las decisiones correctas para el negocio.<\/p>\n\n\n\n<p class=\"gb-headline gb-headline-45935280 gb-headline-text\"><mark class=\"gb-highlight\">Inteligencia<\/mark> es lo que brindamos a trav\u00e9s de nuestros expertos en seguridad equipados con inteligencia artificial y herramientas de aprendizaje autom\u00e1tico para realizar b\u00fasquedas avanzadas, an\u00e1lisis y an\u00e1lisis forense completo para detecci\u00f3n, respuesta y recuperaci\u00f3n.<\/p>\n\n\n<div class=\"gb-container gb-container-f43274c5\">\n<div class=\"gb-container gb-container-36d4acc5\">\n\n<h3 class=\"gb-headline gb-headline-9e82af04 gb-headline-text\">Automatizaci\u00f3n<\/h3>\n\n\n\n<figure class=\"gb-block-image gb-block-image-3094c201\"><img loading=\"lazy\" decoding=\"async\" width=\"96\" height=\"96\" class=\"gb-image gb-image-3094c201\" src=\"https:\/\/pegasussecurity.com.br\/wp-content\/uploads\/icon-0028.jpg\" alt=\"\" title=\"icon-0028\"><\/figure>\n\n\n\n<p class=\"gb-headline gb-headline-438eb80c gb-headline-text\">Orquestaci\u00f3n y automatizaci\u00f3n<\/p>\n\n\n\n<p class=\"gb-headline gb-headline-a1130dd0 gb-headline-text\">Estandarizar &amp; Acelerar la respuesta<\/p>\n\n<\/div>\n\n<div class=\"gb-container gb-container-76f42566\">\n\n<h3 class=\"gb-headline gb-headline-bdbc58d0 gb-headline-text\">Inteligencia<\/h3>\n\n\n\n<figure class=\"gb-block-image gb-block-image-400370a0\"><img loading=\"lazy\" decoding=\"async\" width=\"96\" height=\"96\" class=\"gb-image gb-image-400370a0\" src=\"https:\/\/pegasussecurity.com.br\/wp-content\/uploads\/icon-0026.jpg\" alt=\"\" title=\"icon-0026\"><\/figure>\n\n\n\n<p class=\"gb-headline gb-headline-4ef2dc18 gb-headline-text\">Plataforma de inteligencia contra amenazas (TIP)<\/p>\n\n\n\n<p class=\"gb-headline gb-headline-6c339033 gb-headline-text\">Detecci\u00f3n de amenazas mejorada<\/p>\n\n<\/div>\n\n<div class=\"gb-container gb-container-4346c5ee\">\n\n<h3 class=\"gb-headline gb-headline-837b44ec gb-headline-text\">Telemetria<\/h3>\n\n\n\n<figure class=\"gb-block-image gb-block-image-f125378b\"><img loading=\"lazy\" decoding=\"async\" width=\"96\" height=\"96\" class=\"gb-image gb-image-f125378b\" src=\"https:\/\/pegasussecurity.com.br\/wp-content\/uploads\/icon-0027.jpg\" alt=\"\" title=\"icon-0027\"><\/figure>\n\n\n\n<p class=\"gb-headline gb-headline-a0369cd6 gb-headline-text\">Visibilidad de Endpoint E2E<\/p>\n\n\n\n<p class=\"gb-headline gb-headline-74fd2b84 gb-headline-text\">Decisiones basadas en datos<\/p>\n\n<\/div>\n<\/div>\n<\/div>\n<\/div>\n<\/div><div class=\"gb-container gb-container-762f0dd3 alignfull\">\n<div class=\"gb-container gb-container-e82f4252\">\n<div class=\"gb-container gb-container-6f78ee7b\">\n\n<h2 class=\"gb-headline gb-headline-314e32a0 gb-headline-text\">SOC Inteligente, escalable y de bajo costo<\/h2>\n\n\n\n<p class=\"gb-headline gb-headline-235593a1 gb-headline-text\">Basado en soluciones con cero costos de licencia<\/p>\n\n<\/div>\n\n<div class=\"gb-container gb-container-568bd787\">\n\n<p class=\"gb-headline gb-headline-f3141964 gb-headline-text\"><mark class=\"gb-highlight\">2 modelos de entrega diferentes:<\/mark><\/p>\n\n\n\n<h3 class=\"gb-headline gb-headline-5967aeda gb-headline-text\">SOC Totalmente Gestionado y SOC Gestionado H\u00edbrido<span id=\"docs-internal-guid-9ab4a612-7fff-89d6-7fbc-bd1a471d7ed6\"><div><span style=\"font-size: 18pt; font-family: Arial, sans-serif; color: rgb(38, 29, 119); background-color: transparent; font-weight: 700; font-variant-numeric: normal; font-variant-east-asian: normal; font-variant-alternates: normal; font-variant-position: normal; vertical-align: baseline;\"><\/span><\/div><\/span><\/h3>\n\n<\/div>\n\n<div class=\"gb-container gb-container-9a193d93\"><\/div>\n\n<div class=\"gb-container gb-container-1b3550d0\">\n<div class=\"gb-container gb-container-5482ad29\">\n\n<p class=\"gb-headline gb-headline-de557143 gb-headline-text\">VISI\u00d3N EMPRESARIAL<\/p>\n\n<\/div>\n\n<div class=\"gb-container gb-container-599e49d0\">\n\n<p class=\"gb-headline gb-headline-1f6c5205 gb-headline-text\">VISI\u00d3N SECTORIAL<\/p>\n\n<\/div>\n\n<div class=\"gb-container gb-container-0b5eca5f\">\n\n<p class=\"gb-headline gb-headline-1c291afd gb-headline-text\">INTELIGENCIA<\/p>\n\n<\/div>\n\n<div class=\"gb-container gb-container-643e9194\">\n\n<p class=\"gb-headline gb-headline-bc4723b8 gb-headline-text\">CYBER ANALYTICS<\/p>\n\n<\/div>\n\n<div class=\"gb-container gb-container-2658b307\">\n\n<p class=\"gb-headline gb-headline-1141f526 gb-headline-text\">CSIRT<\/p>\n\n<\/div>\n\n<div class=\"gb-container gb-container-58357fdb\">\n\n<p class=\"gb-headline gb-headline-bfb35b99 gb-headline-text\">FORENSE<\/p>\n\n<\/div>\n\n<div class=\"gb-container gb-container-91e4f518\">\n\n<p class=\"gb-headline gb-headline-7cbd4f52 gb-headline-text\">GESTI\u00d3N DE CRISIS<\/p>\n\n<\/div>\n<\/div>\n<\/div>\n<\/div><div class=\"gb-container gb-container-9ebcdbb8 alignfull\">\n<div class=\"gb-container gb-container-3d628bc1\">\n<div class=\"gb-container gb-container-1034c732\">\n\n<figure class=\"gb-block-image gb-block-image-049edcba\"><a href=\"https:\/\/pegasussecurity.com.br\/es\/soluciones\/x-soc\/\"><img loading=\"lazy\" decoding=\"async\" width=\"125\" height=\"125\" class=\"gb-image gb-image-049edcba hide-on-mobile\" src=\"https:\/\/pegasussecurity.com.br\/wp-content\/uploads\/2024\/05\/icone04.webp\" alt=\"\" title=\"icono04\"><\/a><\/figure>\n\n\n\n<h3 class=\"gb-headline gb-headline-24f0781e\"><span class=\"gb-icon\"><svg xmlns=\"http:\/\/www.w3.org\/2000\/svg\" viewbox=\"0 0 512 512\"><path d=\"M352 0c-12.9 0-24.6 7.8-29.6 19.8s-2.2 25.7 6.9 34.9L370.7 96 201.4 265.4c-12.5 12.5-12.5 32.8 0 45.3s32.8 12.5 45.3 0L416 141.3l41.4 41.4c9.2 9.2 22.9 11.9 34.9 6.9s19.8-16.6 19.8-29.6l0-128c0-17.7-14.3-32-32-32L352 0zM80 32C35.8 32 0 67.8 0 112L0 432c0 44.2 35.8 80 80 80l320 0c44.2 0 80-35.8 80-80l0-112c0-17.7-14.3-32-32-32s-32 14.3-32 32l0 112c0 8.8-7.2 16-16 16L80 448c-8.8 0-16-7.2-16-16l0-320c0-8.8 7.2-16 16-16l112 0c17.7 0 32-14.3 32-32s-14.3-32-32-32L80 32z\"><\/path><\/svg><\/span><span class=\"gb-headline-text\"><a href=\"https:\/\/pegasussecurity.com.br\/soluciones\/x-soc\/\">X-SOC<\/a><\/span><\/h3>\n\n\n\n<p class=\"gb-headline gb-headline-dfaf18d4 gb-headline-text\">Seguridad Gestionada (X-SOC) basada en soluciones con <mark class=\"gb-highlight\">coste de licenciamiento cero<\/mark>.<\/p>\n\n\n\n<p>Modelo de servicio de vigilancia del entorno tecnol\u00f3gico de tu empresa.<\/p>\n\n\n\n<p>Operaci\u00f3n 24&#215;7 \/ Apoyo N1, N2 e N3<\/p>\n\n<\/div>\n\n<div class=\"gb-container gb-container-9414705c\">\n\n<h2 class=\"gb-headline gb-headline-c3ea7d7b gb-headline-text\">Oferta Pegasus Security<\/h2>\n\n\n\n<p class=\"gb-headline gb-headline-432b8a92 gb-headline-text\"><mark class=\"gb-highlight\">2 modelos de entrega diferentes<\/mark> para<br>adaptar nuestra capacidad SECOPS a sus necesidades.<br>Coste de licencia cero.<\/p>\n\n\n<div class=\"gb-container gb-container-9def3147\">\n<div class=\"gb-container gb-container-7e50bb9d\">\n\n<h3 class=\"gb-headline gb-headline-8cb034d8 gb-headline-text\"><mark class=\"gb-highlight\">SOC<\/mark> Totalmente Administrado<\/h3>\n\n\n\n<p class=\"gb-headline gb-headline-17f64f3a gb-headline-text\">Operaciones de seguridad totalmente externalizadas<\/p>\n\n\n\n<p class=\"gb-headline gb-headline-53aebf86 gb-headline-text\">Totalmente subcontratado<\/p>\n\n\n\n<p class=\"gb-headline gb-headline-1b36a269 gb-headline-text\">Expertos ubicados en las instalaciones de Pegasus<\/p>\n\n\n\n<p class=\"gb-headline gb-headline-35c5a77e gb-headline-text\">Plataforma y herramientas<br>Pegasus<\/p>\n\n<\/div>\n\n<div class=\"gb-container gb-container-f65b0a2a\">\n\n<h3 class=\"gb-headline gb-headline-0f066ba2 gb-headline-text\"><mark class=\"gb-highlight\">SOC<\/mark> Gestionado H\u00edbrido<\/h3>\n\n\n\n<p>SOC Gestionado H\u00edbrido<\/p>\n\n\n\n<p>Parcialmente subcontratado<\/p>\n\n\n\n<p>Expertos ubicados en las instalaciones de Pegasus y\/o del Cliente<\/p>\n\n\n\n<p>Plataforma y herramientas<br\/>del cliente<\/p>\n\n<\/div>\n<\/div>\n\n<div class=\"gb-container gb-container-72b5ddbc\">\n\n<a class=\"gb-button gb-button-cfa11b91\" href=\"https:\/\/pegasussecurity.com.br\/contacto\/\"><span class=\"gb-icon\"><svg xmlns=\"http:\/\/www.w3.org\/2000\/svg\" aria-hidden=\"true\" role=\"img\" height=\"1em\" width=\"1em\" viewbox=\"0 0 496 512\"><path fill=\"currentColor\" d=\"M248 8C111 8 0 119 0 256s111 248 248 248 248-111 248-248S385 8 248 8zm0 96c48.6 0 88 39.4 88 88s-39.4 88-88 88-88-39.4-88-88 39.4-88 88-88zm0 344c-58.7 0-111.3-26.6-146.5-68.2 18.8-35.4 55.6-59.8 98.5-59.8 2.4 0 4.8.4 7.1 1.1 13 4.2 26.6 6.9 40.9 6.9 14.3 0 28-2.7 40.9-6.9 2.3-.7 4.7-1.1 7.1-1.1 42.9 0 79.7 24.4 98.5 59.8C359.3 421.4 306.7 448 248 448z\"><\/path><\/svg><\/span><span class=\"gb-button-text\">Hable con un consultor y programe una demostraci\u00f3n.<\/span><\/a>\n\n<\/div>\n<\/div>\n<\/div>\n<\/div>","protected":false},"excerpt":{"rendered":"<p>Seguridad AdministradaMSS Gesti\u00f3n de tecnolog\u00eda de protecci\u00f3n para garantizar la seguridad y resiliencia de los sistemas, as\u00ed como proteger los recursos organizacionales a trav\u00e9s del Mantenimiento, Soporte y Administraci\u00f3n de dispositivos. Pegasus Security ofrece el mejor servicio brindado por nuestros expertos en seguridad: Gesti\u00f3n de seguridad Actividades de administraci\u00f3n y supervisi\u00f3n 24&#215;7 de su entorno &#8230; <a title=\"X-SOC\" class=\"read-more\" href=\"https:\/\/pegasussecurity.com.br\/es\/soluciones\/x-soc\/\" aria-label=\"Leer m\u00e1s sobre X-SOC\">Leer m\u00e1s<\/a><\/p>\n","protected":false},"author":2,"featured_media":0,"parent":5371,"menu_order":0,"comment_status":"closed","ping_status":"closed","template":"","meta":{"inline_featured_image":false,"footnotes":""},"class_list":["post-5498","page","type-page","status-publish"],"yoast_head":"<!-- This site is optimized with the Yoast SEO plugin v27.4 - https:\/\/yoast.com\/product\/yoast-seo-wordpress\/ -->\n<title>X-SOC - Pegasus Security<\/title>\n<meta name=\"robots\" content=\"index, follow, max-snippet:-1, max-image-preview:large, max-video-preview:-1\" \/>\n<link rel=\"canonical\" href=\"https:\/\/pegasussecurity.com.br\/es\/soluciones\/x-soc\/\" \/>\n<meta property=\"og:locale\" content=\"es_ES\" \/>\n<meta property=\"og:type\" content=\"article\" \/>\n<meta property=\"og:title\" content=\"X-SOC - Pegasus Security\" \/>\n<meta property=\"og:description\" content=\"Seguridad AdministradaMSS Gesti\u00f3n de tecnolog\u00eda de protecci\u00f3n para garantizar la seguridad y resiliencia de los sistemas, as\u00ed como proteger los recursos organizacionales a trav\u00e9s del Mantenimiento, Soporte y Administraci\u00f3n de dispositivos. Pegasus Security ofrece el mejor servicio brindado por nuestros expertos en seguridad: Gesti\u00f3n de seguridad Actividades de administraci\u00f3n y supervisi\u00f3n 24&#215;7 de su entorno ... Leer m\u00e1s\" \/>\n<meta property=\"og:url\" content=\"https:\/\/pegasussecurity.com.br\/es\/soluciones\/x-soc\/\" \/>\n<meta property=\"og:site_name\" content=\"Pegasus Security\" \/>\n<meta property=\"article:modified_time\" content=\"2025-02-17T21:27:21+00:00\" \/>\n<meta property=\"og:image\" content=\"https:\/\/pegasussecurity.com.br\/wp-content\/uploads\/icon-0028.jpg\" \/>\n<script type=\"application\/ld+json\" class=\"yoast-schema-graph\">{\"@context\":\"https:\\\/\\\/schema.org\",\"@graph\":[{\"@type\":\"WebPage\",\"@id\":\"https:\\\/\\\/pegasussecurity.com.br\\\/es\\\/soluciones\\\/x-soc\\\/\",\"url\":\"https:\\\/\\\/pegasussecurity.com.br\\\/es\\\/soluciones\\\/x-soc\\\/\",\"name\":\"X-SOC - Pegasus Security\",\"isPartOf\":{\"@id\":\"https:\\\/\\\/pegasussecurity.com.br\\\/es\\\/#website\"},\"primaryImageOfPage\":{\"@id\":\"https:\\\/\\\/pegasussecurity.com.br\\\/es\\\/soluciones\\\/x-soc\\\/#primaryimage\"},\"image\":{\"@id\":\"https:\\\/\\\/pegasussecurity.com.br\\\/es\\\/soluciones\\\/x-soc\\\/#primaryimage\"},\"thumbnailUrl\":\"https:\\\/\\\/pegasussecurity.com.br\\\/wp-content\\\/uploads\\\/icon-0028.jpg\",\"datePublished\":\"2024-08-06T20:26:38+00:00\",\"dateModified\":\"2025-02-17T21:27:21+00:00\",\"breadcrumb\":{\"@id\":\"https:\\\/\\\/pegasussecurity.com.br\\\/es\\\/soluciones\\\/x-soc\\\/#breadcrumb\"},\"inLanguage\":\"es\",\"potentialAction\":[{\"@type\":\"ReadAction\",\"target\":[\"https:\\\/\\\/pegasussecurity.com.br\\\/es\\\/soluciones\\\/x-soc\\\/\"]}]},{\"@type\":\"ImageObject\",\"inLanguage\":\"es\",\"@id\":\"https:\\\/\\\/pegasussecurity.com.br\\\/es\\\/soluciones\\\/x-soc\\\/#primaryimage\",\"url\":\"https:\\\/\\\/pegasussecurity.com.br\\\/wp-content\\\/uploads\\\/icon-0028.jpg\",\"contentUrl\":\"https:\\\/\\\/pegasussecurity.com.br\\\/wp-content\\\/uploads\\\/icon-0028.jpg\"},{\"@type\":\"BreadcrumbList\",\"@id\":\"https:\\\/\\\/pegasussecurity.com.br\\\/es\\\/soluciones\\\/x-soc\\\/#breadcrumb\",\"itemListElement\":[{\"@type\":\"ListItem\",\"position\":1,\"name\":\"Inicio\",\"item\":\"https:\\\/\\\/pegasussecurity.com.br\\\/es\\\/\"},{\"@type\":\"ListItem\",\"position\":2,\"name\":\"Soluciones\",\"item\":\"https:\\\/\\\/pegasussecurity.com.br\\\/es\\\/soluciones\\\/\"},{\"@type\":\"ListItem\",\"position\":3,\"name\":\"X-SOC\"}]},{\"@type\":\"WebSite\",\"@id\":\"https:\\\/\\\/pegasussecurity.com.br\\\/es\\\/#website\",\"url\":\"https:\\\/\\\/pegasussecurity.com.br\\\/es\\\/\",\"name\":\"Pegasus Security\",\"description\":\"Cybersecurity for All\",\"publisher\":{\"@id\":\"https:\\\/\\\/pegasussecurity.com.br\\\/es\\\/#organization\"},\"alternateName\":\"Pegasus\",\"potentialAction\":[{\"@type\":\"SearchAction\",\"target\":{\"@type\":\"EntryPoint\",\"urlTemplate\":\"https:\\\/\\\/pegasussecurity.com.br\\\/es\\\/?s={search_term_string}\"},\"query-input\":{\"@type\":\"PropertyValueSpecification\",\"valueRequired\":true,\"valueName\":\"search_term_string\"}}],\"inLanguage\":\"es\"},{\"@type\":\"Organization\",\"@id\":\"https:\\\/\\\/pegasussecurity.com.br\\\/es\\\/#organization\",\"name\":\"Pegasus Security\",\"alternateName\":\"Pegasus Security\",\"url\":\"https:\\\/\\\/pegasussecurity.com.br\\\/es\\\/\",\"logo\":{\"@type\":\"ImageObject\",\"inLanguage\":\"es\",\"@id\":\"https:\\\/\\\/pegasussecurity.com.br\\\/es\\\/#\\\/schema\\\/logo\\\/image\\\/\",\"url\":\"https:\\\/\\\/pegasussecurity.com.br\\\/wp-content\\\/uploads\\\/cropped-pegasus-white-logo.webp\",\"contentUrl\":\"https:\\\/\\\/pegasussecurity.com.br\\\/wp-content\\\/uploads\\\/cropped-pegasus-white-logo.webp\",\"width\":392,\"height\":328,\"caption\":\"Pegasus Security\"},\"image\":{\"@id\":\"https:\\\/\\\/pegasussecurity.com.br\\\/es\\\/#\\\/schema\\\/logo\\\/image\\\/\"}}]}<\/script>\n<!-- \/ Yoast SEO plugin. -->","yoast_head_json":{"title":"X-SOC - Pegasus Security","robots":{"index":"index","follow":"follow","max-snippet":"max-snippet:-1","max-image-preview":"max-image-preview:large","max-video-preview":"max-video-preview:-1"},"canonical":"https:\/\/pegasussecurity.com.br\/es\/soluciones\/x-soc\/","og_locale":"es_ES","og_type":"article","og_title":"X-SOC - Pegasus Security","og_description":"Seguridad AdministradaMSS Gesti\u00f3n de tecnolog\u00eda de protecci\u00f3n para garantizar la seguridad y resiliencia de los sistemas, as\u00ed como proteger los recursos organizacionales a trav\u00e9s del Mantenimiento, Soporte y Administraci\u00f3n de dispositivos. Pegasus Security ofrece el mejor servicio brindado por nuestros expertos en seguridad: Gesti\u00f3n de seguridad Actividades de administraci\u00f3n y supervisi\u00f3n 24&#215;7 de su entorno ... Leer m\u00e1s","og_url":"https:\/\/pegasussecurity.com.br\/es\/soluciones\/x-soc\/","og_site_name":"Pegasus Security","article_modified_time":"2025-02-17T21:27:21+00:00","og_image":[{"url":"https:\/\/pegasussecurity.com.br\/wp-content\/uploads\/icon-0028.jpg","type":"","width":"","height":""}],"schema":{"@context":"https:\/\/schema.org","@graph":[{"@type":"WebPage","@id":"https:\/\/pegasussecurity.com.br\/es\/soluciones\/x-soc\/","url":"https:\/\/pegasussecurity.com.br\/es\/soluciones\/x-soc\/","name":"X-SOC - Pegasus Security","isPartOf":{"@id":"https:\/\/pegasussecurity.com.br\/es\/#website"},"primaryImageOfPage":{"@id":"https:\/\/pegasussecurity.com.br\/es\/soluciones\/x-soc\/#primaryimage"},"image":{"@id":"https:\/\/pegasussecurity.com.br\/es\/soluciones\/x-soc\/#primaryimage"},"thumbnailUrl":"https:\/\/pegasussecurity.com.br\/wp-content\/uploads\/icon-0028.jpg","datePublished":"2024-08-06T20:26:38+00:00","dateModified":"2025-02-17T21:27:21+00:00","breadcrumb":{"@id":"https:\/\/pegasussecurity.com.br\/es\/soluciones\/x-soc\/#breadcrumb"},"inLanguage":"es","potentialAction":[{"@type":"ReadAction","target":["https:\/\/pegasussecurity.com.br\/es\/soluciones\/x-soc\/"]}]},{"@type":"ImageObject","inLanguage":"es","@id":"https:\/\/pegasussecurity.com.br\/es\/soluciones\/x-soc\/#primaryimage","url":"https:\/\/pegasussecurity.com.br\/wp-content\/uploads\/icon-0028.jpg","contentUrl":"https:\/\/pegasussecurity.com.br\/wp-content\/uploads\/icon-0028.jpg"},{"@type":"BreadcrumbList","@id":"https:\/\/pegasussecurity.com.br\/es\/soluciones\/x-soc\/#breadcrumb","itemListElement":[{"@type":"ListItem","position":1,"name":"Inicio","item":"https:\/\/pegasussecurity.com.br\/es\/"},{"@type":"ListItem","position":2,"name":"Soluciones","item":"https:\/\/pegasussecurity.com.br\/es\/soluciones\/"},{"@type":"ListItem","position":3,"name":"X-SOC"}]},{"@type":"WebSite","@id":"https:\/\/pegasussecurity.com.br\/es\/#website","url":"https:\/\/pegasussecurity.com.br\/es\/","name":"Pegasus Security","description":"Cybersecurity for All","publisher":{"@id":"https:\/\/pegasussecurity.com.br\/es\/#organization"},"alternateName":"Pegasus","potentialAction":[{"@type":"SearchAction","target":{"@type":"EntryPoint","urlTemplate":"https:\/\/pegasussecurity.com.br\/es\/?s={search_term_string}"},"query-input":{"@type":"PropertyValueSpecification","valueRequired":true,"valueName":"search_term_string"}}],"inLanguage":"es"},{"@type":"Organization","@id":"https:\/\/pegasussecurity.com.br\/es\/#organization","name":"Pegasus Security","alternateName":"Pegasus Security","url":"https:\/\/pegasussecurity.com.br\/es\/","logo":{"@type":"ImageObject","inLanguage":"es","@id":"https:\/\/pegasussecurity.com.br\/es\/#\/schema\/logo\/image\/","url":"https:\/\/pegasussecurity.com.br\/wp-content\/uploads\/cropped-pegasus-white-logo.webp","contentUrl":"https:\/\/pegasussecurity.com.br\/wp-content\/uploads\/cropped-pegasus-white-logo.webp","width":392,"height":328,"caption":"Pegasus Security"},"image":{"@id":"https:\/\/pegasussecurity.com.br\/es\/#\/schema\/logo\/image\/"}}]}},"_links":{"self":[{"href":"https:\/\/pegasussecurity.com.br\/es\/wp-json\/wp\/v2\/pages\/5498","targetHints":{"allow":["GET"]}}],"collection":[{"href":"https:\/\/pegasussecurity.com.br\/es\/wp-json\/wp\/v2\/pages"}],"about":[{"href":"https:\/\/pegasussecurity.com.br\/es\/wp-json\/wp\/v2\/types\/page"}],"author":[{"embeddable":true,"href":"https:\/\/pegasussecurity.com.br\/es\/wp-json\/wp\/v2\/users\/2"}],"replies":[{"embeddable":true,"href":"https:\/\/pegasussecurity.com.br\/es\/wp-json\/wp\/v2\/comments?post=5498"}],"version-history":[{"count":3,"href":"https:\/\/pegasussecurity.com.br\/es\/wp-json\/wp\/v2\/pages\/5498\/revisions"}],"predecessor-version":[{"id":5512,"href":"https:\/\/pegasussecurity.com.br\/es\/wp-json\/wp\/v2\/pages\/5498\/revisions\/5512"}],"up":[{"embeddable":true,"href":"https:\/\/pegasussecurity.com.br\/es\/wp-json\/wp\/v2\/pages\/5371"}],"wp:attachment":[{"href":"https:\/\/pegasussecurity.com.br\/es\/wp-json\/wp\/v2\/media?parent=5498"}],"curies":[{"name":"wp","href":"https:\/\/api.w.org\/{rel}","templated":true}]}}