{"id":5504,"date":"2024-08-06T17:26:39","date_gmt":"2024-08-06T20:26:39","guid":{"rendered":"https:\/\/pegasussecurity.com.br\/soluciones\/x-threats\/"},"modified":"2025-02-23T20:57:48","modified_gmt":"2025-02-23T23:57:48","slug":"x-threats","status":"publish","type":"page","link":"https:\/\/pegasussecurity.com.br\/es\/soluciones\/x-threats\/","title":{"rendered":"X-Threats"},"content":{"rendered":"<div class=\"gb-container gb-container-cf76b96f alignfull\">\n<div class=\"gb-container gb-container-69113441\">\n<div class=\"gb-container gb-container-1893e2fa\">\n\n<figure class=\"gb-block-image gb-block-image-cc3d388b\"><a href=\"https:\/\/pegasussecurity.com.br\/es\/soluciones\/x-threats\/\"><img loading=\"lazy\" decoding=\"async\" width=\"125\" height=\"125\" class=\"gb-image gb-image-cc3d388b hide-on-mobile\" src=\"https:\/\/pegasussecurity.com.br\/wp-content\/uploads\/2024\/05\/icone03.webp\" alt=\"\" title=\"icono03\"><\/a><\/figure>\n\n\n\n<h3 class=\"gb-headline gb-headline-e30ac81d\"><span class=\"gb-icon\"><svg xmlns=\"http:\/\/www.w3.org\/2000\/svg\" viewbox=\"0 0 512 512\"><path d=\"M352 0c-12.9 0-24.6 7.8-29.6 19.8s-2.2 25.7 6.9 34.9L370.7 96 201.4 265.4c-12.5 12.5-12.5 32.8 0 45.3s32.8 12.5 45.3 0L416 141.3l41.4 41.4c9.2 9.2 22.9 11.9 34.9 6.9s19.8-16.6 19.8-29.6l0-128c0-17.7-14.3-32-32-32L352 0zM80 32C35.8 32 0 67.8 0 112L0 432c0 44.2 35.8 80 80 80l320 0c44.2 0 80-35.8 80-80l0-112c0-17.7-14.3-32-32-32s-32 14.3-32 32l0 112c0 8.8-7.2 16-16 16L80 448c-8.8 0-16-7.2-16-16l0-320c0-8.8 7.2-16 16-16l112 0c17.7 0 32-14.3 32-32s-14.3-32-32-32L80 32z\"><\/path><\/svg><\/span><span class=\"gb-headline-text\"><a href=\"https:\/\/pegasussecurity.com.br\/es\/soluciones\/x-threats\/\">X-THREATS<\/a><\/span><\/h3>\n\n\n\n<ul class=\"wp-block-list produto\">\n<li style=\"font-size:15px\">Servicio integral que monitorea todo el ciclo de vida de las amenazas digitales que pueden impactar la reputaci\u00f3n y la imagen; operaci\u00f3n y negocio; y fraudes en l\u00ednea que involucran el nombre de su empresa.<\/li>\n<\/ul>\n\n<\/div>\n\n<div class=\"gb-container gb-container-27e4cd3b\">\n\n<h2 class=\"gb-headline gb-headline-568ec0f3 gb-headline-text\">Oferta Pegasus Security<\/h2>\n\n\n\n<p class=\"gb-headline gb-headline-3915ac76 gb-headline-text\"><mark class=\"gb-highlight\">Modelo de entrega<\/mark> para adaptar nuestra capacidad SECOPS a sus necesidades.<br><\/p>\n\n\n<div class=\"gb-container gb-container-ded3191a\">\n<div class=\"gb-container gb-container-15ef0c15\">\n\n<p class=\"gb-headline gb-headline-5bf45300 gb-headline-text\">Threat Intelligence<\/p>\n\n<\/div>\n\n<div class=\"gb-container gb-container-82e7204e\">\n\n<p class=\"gb-headline gb-headline-4ad1cdb1 gb-headline-text\">Protecci\u00f3n de marca<br>&amp; Reputaci\u00f3n<br><\/p>\n\n<\/div>\n\n<div class=\"gb-container gb-container-b1801428\">\n\n<p class=\"gb-headline gb-headline-496f5579 gb-headline-text\">Compromiso empresarial<\/p>\n\n<\/div>\n\n<div class=\"gb-container gb-container-561a69c4\">\n\n<p class=\"gb-headline gb-headline-5278ea83 gb-headline-text\">Fraude en l\u00ednea<\/p>\n\n<\/div>\n<\/div>\n\n<div class=\"gb-container gb-container-e2421224\">\n\n<a class=\"gb-button gb-button-43163764\" href=\"https:\/\/pegasussecurity.com.br\/contacto\/\"><span class=\"gb-icon\"><svg xmlns=\"http:\/\/www.w3.org\/2000\/svg\" aria-hidden=\"true\" role=\"img\" height=\"1em\" width=\"1em\" viewbox=\"0 0 496 512\"><path fill=\"currentColor\" d=\"M248 8C111 8 0 119 0 256s111 248 248 248 248-111 248-248S385 8 248 8zm0 96c48.6 0 88 39.4 88 88s-39.4 88-88 88-88-39.4-88-88 39.4-88 88-88zm0 344c-58.7 0-111.3-26.6-146.5-68.2 18.8-35.4 55.6-59.8 98.5-59.8 2.4 0 4.8.4 7.1 1.1 13 4.2 26.6 6.9 40.9 6.9 14.3 0 28-2.7 40.9-6.9 2.3-.7 4.7-1.1 7.1-1.1 42.9 0 79.7 24.4 98.5 59.8C359.3 421.4 306.7 448 248 448z\"><\/path><\/svg><\/span><span class=\"gb-button-text\">Hable con un consultor y programe una demostraci\u00f3n.<\/span><\/a>\n\n<\/div>\n<\/div>\n<\/div>\n<\/div>","protected":false},"excerpt":{"rendered":"<p>X-THREATS Oferta Pegasus Security Modelo de entrega para adaptar nuestra capacidad SECOPS a sus necesidades. Threat Intelligence Protecci\u00f3n de marca&amp; Reputaci\u00f3n Compromiso empresarial Fraude en l\u00ednea<\/p>\n","protected":false},"author":2,"featured_media":0,"parent":5371,"menu_order":0,"comment_status":"closed","ping_status":"closed","template":"","meta":{"inline_featured_image":false,"footnotes":""},"class_list":["post-5504","page","type-page","status-publish"],"yoast_head":"<!-- This site is optimized with the Yoast SEO plugin v27.4 - https:\/\/yoast.com\/product\/yoast-seo-wordpress\/ -->\n<title>X-Threats - Pegasus Security<\/title>\n<meta name=\"robots\" content=\"index, follow, max-snippet:-1, max-image-preview:large, max-video-preview:-1\" \/>\n<link rel=\"canonical\" href=\"https:\/\/pegasussecurity.com.br\/es\/soluciones\/x-threats\/\" \/>\n<meta property=\"og:locale\" content=\"es_ES\" \/>\n<meta property=\"og:type\" content=\"article\" \/>\n<meta property=\"og:title\" content=\"X-Threats - Pegasus Security\" \/>\n<meta property=\"og:description\" content=\"X-THREATS Oferta Pegasus Security Modelo de entrega para adaptar nuestra capacidad SECOPS a sus necesidades. Threat Intelligence Protecci\u00f3n de marca&amp; Reputaci\u00f3n Compromiso empresarial Fraude en l\u00ednea\" \/>\n<meta property=\"og:url\" content=\"https:\/\/pegasussecurity.com.br\/es\/soluciones\/x-threats\/\" \/>\n<meta property=\"og:site_name\" content=\"Pegasus Security\" \/>\n<meta property=\"article:modified_time\" content=\"2025-02-23T23:57:48+00:00\" \/>\n<meta property=\"og:image\" content=\"https:\/\/pegasussecurity.com.br\/wp-content\/uploads\/2024\/05\/icone03.webp\" \/>\n<script type=\"application\/ld+json\" class=\"yoast-schema-graph\">{\"@context\":\"https:\\\/\\\/schema.org\",\"@graph\":[{\"@type\":\"WebPage\",\"@id\":\"https:\\\/\\\/pegasussecurity.com.br\\\/es\\\/soluciones\\\/x-threats\\\/\",\"url\":\"https:\\\/\\\/pegasussecurity.com.br\\\/es\\\/soluciones\\\/x-threats\\\/\",\"name\":\"X-Threats - Pegasus Security\",\"isPartOf\":{\"@id\":\"https:\\\/\\\/pegasussecurity.com.br\\\/es\\\/#website\"},\"primaryImageOfPage\":{\"@id\":\"https:\\\/\\\/pegasussecurity.com.br\\\/es\\\/soluciones\\\/x-threats\\\/#primaryimage\"},\"image\":{\"@id\":\"https:\\\/\\\/pegasussecurity.com.br\\\/es\\\/soluciones\\\/x-threats\\\/#primaryimage\"},\"thumbnailUrl\":\"https:\\\/\\\/pegasussecurity.com.br\\\/wp-content\\\/uploads\\\/2024\\\/05\\\/icone03.webp\",\"datePublished\":\"2024-08-06T20:26:39+00:00\",\"dateModified\":\"2025-02-23T23:57:48+00:00\",\"breadcrumb\":{\"@id\":\"https:\\\/\\\/pegasussecurity.com.br\\\/es\\\/soluciones\\\/x-threats\\\/#breadcrumb\"},\"inLanguage\":\"es\",\"potentialAction\":[{\"@type\":\"ReadAction\",\"target\":[\"https:\\\/\\\/pegasussecurity.com.br\\\/es\\\/soluciones\\\/x-threats\\\/\"]}]},{\"@type\":\"ImageObject\",\"inLanguage\":\"es\",\"@id\":\"https:\\\/\\\/pegasussecurity.com.br\\\/es\\\/soluciones\\\/x-threats\\\/#primaryimage\",\"url\":\"https:\\\/\\\/pegasussecurity.com.br\\\/wp-content\\\/uploads\\\/2024\\\/05\\\/icone03.webp\",\"contentUrl\":\"https:\\\/\\\/pegasussecurity.com.br\\\/wp-content\\\/uploads\\\/2024\\\/05\\\/icone03.webp\"},{\"@type\":\"BreadcrumbList\",\"@id\":\"https:\\\/\\\/pegasussecurity.com.br\\\/es\\\/soluciones\\\/x-threats\\\/#breadcrumb\",\"itemListElement\":[{\"@type\":\"ListItem\",\"position\":1,\"name\":\"Inicio\",\"item\":\"https:\\\/\\\/pegasussecurity.com.br\\\/es\\\/\"},{\"@type\":\"ListItem\",\"position\":2,\"name\":\"Soluciones\",\"item\":\"https:\\\/\\\/pegasussecurity.com.br\\\/es\\\/soluciones\\\/\"},{\"@type\":\"ListItem\",\"position\":3,\"name\":\"X-Threats\"}]},{\"@type\":\"WebSite\",\"@id\":\"https:\\\/\\\/pegasussecurity.com.br\\\/es\\\/#website\",\"url\":\"https:\\\/\\\/pegasussecurity.com.br\\\/es\\\/\",\"name\":\"Pegasus Security\",\"description\":\"Cybersecurity for All\",\"publisher\":{\"@id\":\"https:\\\/\\\/pegasussecurity.com.br\\\/es\\\/#organization\"},\"alternateName\":\"Pegasus\",\"potentialAction\":[{\"@type\":\"SearchAction\",\"target\":{\"@type\":\"EntryPoint\",\"urlTemplate\":\"https:\\\/\\\/pegasussecurity.com.br\\\/es\\\/?s={search_term_string}\"},\"query-input\":{\"@type\":\"PropertyValueSpecification\",\"valueRequired\":true,\"valueName\":\"search_term_string\"}}],\"inLanguage\":\"es\"},{\"@type\":\"Organization\",\"@id\":\"https:\\\/\\\/pegasussecurity.com.br\\\/es\\\/#organization\",\"name\":\"Pegasus Security\",\"alternateName\":\"Pegasus Security\",\"url\":\"https:\\\/\\\/pegasussecurity.com.br\\\/es\\\/\",\"logo\":{\"@type\":\"ImageObject\",\"inLanguage\":\"es\",\"@id\":\"https:\\\/\\\/pegasussecurity.com.br\\\/es\\\/#\\\/schema\\\/logo\\\/image\\\/\",\"url\":\"https:\\\/\\\/pegasussecurity.com.br\\\/wp-content\\\/uploads\\\/cropped-pegasus-white-logo.webp\",\"contentUrl\":\"https:\\\/\\\/pegasussecurity.com.br\\\/wp-content\\\/uploads\\\/cropped-pegasus-white-logo.webp\",\"width\":392,\"height\":328,\"caption\":\"Pegasus Security\"},\"image\":{\"@id\":\"https:\\\/\\\/pegasussecurity.com.br\\\/es\\\/#\\\/schema\\\/logo\\\/image\\\/\"}}]}<\/script>\n<!-- \/ Yoast SEO plugin. -->","yoast_head_json":{"title":"X-Threats - Pegasus Security","robots":{"index":"index","follow":"follow","max-snippet":"max-snippet:-1","max-image-preview":"max-image-preview:large","max-video-preview":"max-video-preview:-1"},"canonical":"https:\/\/pegasussecurity.com.br\/es\/soluciones\/x-threats\/","og_locale":"es_ES","og_type":"article","og_title":"X-Threats - Pegasus Security","og_description":"X-THREATS Oferta Pegasus Security Modelo de entrega para adaptar nuestra capacidad SECOPS a sus necesidades. Threat Intelligence Protecci\u00f3n de marca&amp; Reputaci\u00f3n Compromiso empresarial Fraude en l\u00ednea","og_url":"https:\/\/pegasussecurity.com.br\/es\/soluciones\/x-threats\/","og_site_name":"Pegasus Security","article_modified_time":"2025-02-23T23:57:48+00:00","og_image":[{"url":"https:\/\/pegasussecurity.com.br\/wp-content\/uploads\/2024\/05\/icone03.webp","type":"","width":"","height":""}],"schema":{"@context":"https:\/\/schema.org","@graph":[{"@type":"WebPage","@id":"https:\/\/pegasussecurity.com.br\/es\/soluciones\/x-threats\/","url":"https:\/\/pegasussecurity.com.br\/es\/soluciones\/x-threats\/","name":"X-Threats - Pegasus Security","isPartOf":{"@id":"https:\/\/pegasussecurity.com.br\/es\/#website"},"primaryImageOfPage":{"@id":"https:\/\/pegasussecurity.com.br\/es\/soluciones\/x-threats\/#primaryimage"},"image":{"@id":"https:\/\/pegasussecurity.com.br\/es\/soluciones\/x-threats\/#primaryimage"},"thumbnailUrl":"https:\/\/pegasussecurity.com.br\/wp-content\/uploads\/2024\/05\/icone03.webp","datePublished":"2024-08-06T20:26:39+00:00","dateModified":"2025-02-23T23:57:48+00:00","breadcrumb":{"@id":"https:\/\/pegasussecurity.com.br\/es\/soluciones\/x-threats\/#breadcrumb"},"inLanguage":"es","potentialAction":[{"@type":"ReadAction","target":["https:\/\/pegasussecurity.com.br\/es\/soluciones\/x-threats\/"]}]},{"@type":"ImageObject","inLanguage":"es","@id":"https:\/\/pegasussecurity.com.br\/es\/soluciones\/x-threats\/#primaryimage","url":"https:\/\/pegasussecurity.com.br\/wp-content\/uploads\/2024\/05\/icone03.webp","contentUrl":"https:\/\/pegasussecurity.com.br\/wp-content\/uploads\/2024\/05\/icone03.webp"},{"@type":"BreadcrumbList","@id":"https:\/\/pegasussecurity.com.br\/es\/soluciones\/x-threats\/#breadcrumb","itemListElement":[{"@type":"ListItem","position":1,"name":"Inicio","item":"https:\/\/pegasussecurity.com.br\/es\/"},{"@type":"ListItem","position":2,"name":"Soluciones","item":"https:\/\/pegasussecurity.com.br\/es\/soluciones\/"},{"@type":"ListItem","position":3,"name":"X-Threats"}]},{"@type":"WebSite","@id":"https:\/\/pegasussecurity.com.br\/es\/#website","url":"https:\/\/pegasussecurity.com.br\/es\/","name":"Pegasus Security","description":"Cybersecurity for All","publisher":{"@id":"https:\/\/pegasussecurity.com.br\/es\/#organization"},"alternateName":"Pegasus","potentialAction":[{"@type":"SearchAction","target":{"@type":"EntryPoint","urlTemplate":"https:\/\/pegasussecurity.com.br\/es\/?s={search_term_string}"},"query-input":{"@type":"PropertyValueSpecification","valueRequired":true,"valueName":"search_term_string"}}],"inLanguage":"es"},{"@type":"Organization","@id":"https:\/\/pegasussecurity.com.br\/es\/#organization","name":"Pegasus Security","alternateName":"Pegasus Security","url":"https:\/\/pegasussecurity.com.br\/es\/","logo":{"@type":"ImageObject","inLanguage":"es","@id":"https:\/\/pegasussecurity.com.br\/es\/#\/schema\/logo\/image\/","url":"https:\/\/pegasussecurity.com.br\/wp-content\/uploads\/cropped-pegasus-white-logo.webp","contentUrl":"https:\/\/pegasussecurity.com.br\/wp-content\/uploads\/cropped-pegasus-white-logo.webp","width":392,"height":328,"caption":"Pegasus Security"},"image":{"@id":"https:\/\/pegasussecurity.com.br\/es\/#\/schema\/logo\/image\/"}}]}},"_links":{"self":[{"href":"https:\/\/pegasussecurity.com.br\/es\/wp-json\/wp\/v2\/pages\/5504","targetHints":{"allow":["GET"]}}],"collection":[{"href":"https:\/\/pegasussecurity.com.br\/es\/wp-json\/wp\/v2\/pages"}],"about":[{"href":"https:\/\/pegasussecurity.com.br\/es\/wp-json\/wp\/v2\/types\/page"}],"author":[{"embeddable":true,"href":"https:\/\/pegasussecurity.com.br\/es\/wp-json\/wp\/v2\/users\/2"}],"replies":[{"embeddable":true,"href":"https:\/\/pegasussecurity.com.br\/es\/wp-json\/wp\/v2\/comments?post=5504"}],"version-history":[{"count":6,"href":"https:\/\/pegasussecurity.com.br\/es\/wp-json\/wp\/v2\/pages\/5504\/revisions"}],"predecessor-version":[{"id":5586,"href":"https:\/\/pegasussecurity.com.br\/es\/wp-json\/wp\/v2\/pages\/5504\/revisions\/5586"}],"up":[{"embeddable":true,"href":"https:\/\/pegasussecurity.com.br\/es\/wp-json\/wp\/v2\/pages\/5371"}],"wp:attachment":[{"href":"https:\/\/pegasussecurity.com.br\/es\/wp-json\/wp\/v2\/media?parent=5504"}],"curies":[{"name":"wp","href":"https:\/\/api.w.org\/{rel}","templated":true}]}}