{"id":5506,"date":"2024-08-06T17:26:38","date_gmt":"2024-08-06T20:26:38","guid":{"rendered":"https:\/\/pegasussecurity.com.br\/soluciones\/x-cloud\/"},"modified":"2025-02-17T18:03:40","modified_gmt":"2025-02-17T21:03:40","slug":"x-cloud","status":"publish","type":"page","link":"https:\/\/pegasussecurity.com.br\/es\/soluciones\/x-cloud\/","title":{"rendered":"X-Cloud"},"content":{"rendered":"<div class=\"gb-container gb-container-643a03f1 alignfull\">\n<div class=\"gb-container gb-container-c0c4e0e3\">\n<div class=\"gb-container gb-container-4ea21334\">\n\n<h2 class=\"gb-headline gb-headline-06d1c4ff gb-headline-text\">Seguridad en la Nube<\/h2>\n\n\n\n<p class=\"gb-headline gb-headline-032620c6 gb-headline-text\">La Nube P\u00fablica es un facilitador de la transformaci\u00f3n Digital, pero su adopci\u00f3n plantea diversos desaf\u00edos para el negocio, donde la Seguridad es uno de los m\u00e1s importantes.<br>Dado que en los entornos de nube p\u00fablica <mark class=\"gb-highlight\">la responsabilidad de la seguridad se comparte<\/mark> entre el proveedor de la nube y el cliente, las empresas necesitan un socio confiable como Pegasus Security en estos d\u00edas complejos.<\/p>\n\n<\/div>\n\n<div class=\"gb-container gb-container-20441259\">\n\n<figure class=\"gb-block-image gb-block-image-2456ad7b\"><img loading=\"lazy\" decoding=\"async\" width=\"100\" height=\"100\" class=\"gb-image gb-image-2456ad7b\" src=\"https:\/\/pegasussecurity.com.br\/wp-content\/uploads\/\/x-cloud-secure-mobility-desk-tablet.svg\" alt=\"\" title=\"x-cloud-secure-mobility-desk-tablet\"><\/figure>\n\n<\/div>\n<\/div>\n<\/div><div class=\"gb-container gb-container-9ebcdbb8 alignfull\">\n<div class=\"gb-container gb-container-3d628bc1\">\n<div class=\"gb-container gb-container-31595797\">\n\n<figure class=\"gb-block-image gb-block-image-e7013a8a\"><a href=\"https:\/\/pegasussecurity.com.br\/es\/soluciones\/x-cloud\/\"><img loading=\"lazy\" decoding=\"async\" width=\"125\" height=\"125\" class=\"gb-image gb-image-e7013a8a hide-on-mobile\" src=\"https:\/\/pegasussecurity.com.br\/wp-content\/uploads\/2024\/05\/icone06.webp\" alt=\"\" title=\"icono06\"><\/a><\/figure>\n\n\n\n<h3 class=\"gb-headline gb-headline-5a2d2877\"><span class=\"gb-icon\"><svg xmlns=\"http:\/\/www.w3.org\/2000\/svg\" viewbox=\"0 0 512 512\"><path d=\"M352 0c-12.9 0-24.6 7.8-29.6 19.8s-2.2 25.7 6.9 34.9L370.7 96 201.4 265.4c-12.5 12.5-12.5 32.8 0 45.3s32.8 12.5 45.3 0L416 141.3l41.4 41.4c9.2 9.2 22.9 11.9 34.9 6.9s19.8-16.6 19.8-29.6l0-128c0-17.7-14.3-32-32-32L352 0zM80 32C35.8 32 0 67.8 0 112L0 432c0 44.2 35.8 80 80 80l320 0c44.2 0 80-35.8 80-80l0-112c0-17.7-14.3-32-32-32s-32 14.3-32 32l0 112c0 8.8-7.2 16-16 16L80 448c-8.8 0-16-7.2-16-16l0-320c0-8.8 7.2-16 16-16l112 0c17.7 0 32-14.3 32-32s-14.3-32-32-32L80 32z\"><\/path><\/svg><\/span><span class=\"gb-headline-text\"><a href=\"https:\/\/pegasussecurity.com.br\/es\/soluciones\/x-cloud\/\">X-CLOUD<\/a><\/span><\/h3>\n\n\n\n<ul style=\"font-size:16px\" class=\"wp-block-list produto\">\n<li style=\"font-size:15px\">Cloud Security Posture Management (CSPM)<\/li>\n\n\n\n<li>Cloud Workload Protection (CWPP)<\/li>\n\n\n\n<li style=\"font-size:15px\">Evaluaci\u00f3n de la seguridad en la nube: eval\u00faa si las configuraciones de las soluciones en la nube se aplican correctamente e indica mejoras.<\/li>\n<\/ul>\n\n<\/div>\n\n<div class=\"gb-container gb-container-9414705c\">\n\n<h2 class=\"gb-headline gb-headline-c3ea7d7b gb-headline-text\">Oferta Pegasus Security<\/h2>\n\n\n\n<p class=\"gb-headline gb-headline-432b8a92 gb-headline-text\">Nuestra propuesta de Seguridad en la nube cubre las necesidades de los clientes en cualquier etapa de madurez.<\/p>\n\n<\/div>\n<\/div>\n<\/div><div class=\"gb-container gb-container-e9d60feb\">\n\n<figure class=\"gb-block-image gb-block-image-119d3fbb\"><img loading=\"lazy\" decoding=\"async\" width=\"1200\" height=\"364\" class=\"gb-image gb-image-119d3fbb\" src=\"https:\/\/pegasussecurity.com.br\/wp-content\/uploads\/x-cloud-proposta.webp\" alt=\"\" title=\"x-cloud-propuesta\" srcset=\"https:\/\/pegasussecurity.com.br\/wp-content\/uploads\/x-cloud-proposta.webp 1200w, https:\/\/pegasussecurity.com.br\/wp-content\/uploads\/x-cloud-proposta-300x91.webp 300w, https:\/\/pegasussecurity.com.br\/wp-content\/uploads\/x-cloud-proposta-1024x311.webp 1024w, https:\/\/pegasussecurity.com.br\/wp-content\/uploads\/x-cloud-proposta-768x233.webp 768w\" sizes=\"auto, (max-width: 1200px) 100vw, 1200px\" \/><\/figure>\n\n<\/div><div class=\"gb-container gb-container-2a6fedae alignfull\">\n<div class=\"gb-container gb-container-fc3f5ad0\">\n<div class=\"gb-container gb-container-70c81f66\">\n<div class=\"gb-container gb-container-b8f25491\">\n\n<a class=\"gb-button gb-button-16d2421d\" href=\"https:\/\/pegasussecurity.com.br\/contacto\/\"><span class=\"gb-icon\"><svg xmlns=\"http:\/\/www.w3.org\/2000\/svg\" aria-hidden=\"true\" role=\"img\" height=\"1em\" width=\"1em\" viewbox=\"0 0 496 512\"><path fill=\"currentColor\" d=\"M248 8C111 8 0 119 0 256s111 248 248 248 248-111 248-248S385 8 248 8zm0 96c48.6 0 88 39.4 88 88s-39.4 88-88 88-88-39.4-88-88 39.4-88 88-88zm0 344c-58.7 0-111.3-26.6-146.5-68.2 18.8-35.4 55.6-59.8 98.5-59.8 2.4 0 4.8.4 7.1 1.1 13 4.2 26.6 6.9 40.9 6.9 14.3 0 28-2.7 40.9-6.9 2.3-.7 4.7-1.1 7.1-1.1 42.9 0 79.7 24.4 98.5 59.8C359.3 421.4 306.7 448 248 448z\"><\/path><\/svg><\/span><span class=\"gb-button-text\">Hable con un consultor y programe una demostraci\u00f3n.<\/span><\/a>\n\n<\/div>\n<\/div>\n<\/div>\n<\/div>","protected":false},"excerpt":{"rendered":"<p>Seguridad en la Nube La Nube P\u00fablica es un facilitador de la transformaci\u00f3n Digital, pero su adopci\u00f3n plantea diversos desaf\u00edos para el negocio, donde la Seguridad es uno de los m\u00e1s importantes.Dado que en los entornos de nube p\u00fablica la responsabilidad de la seguridad se comparte entre el proveedor de la nube y el cliente, &#8230; <a title=\"X-Cloud\" class=\"read-more\" href=\"https:\/\/pegasussecurity.com.br\/es\/soluciones\/x-cloud\/\" aria-label=\"Leer m\u00e1s sobre X-Cloud\">Leer m\u00e1s<\/a><\/p>\n","protected":false},"author":2,"featured_media":0,"parent":5371,"menu_order":0,"comment_status":"closed","ping_status":"closed","template":"","meta":{"inline_featured_image":false,"footnotes":""},"class_list":["post-5506","page","type-page","status-publish"],"yoast_head":"<!-- This site is optimized with the Yoast SEO plugin v27.4 - https:\/\/yoast.com\/product\/yoast-seo-wordpress\/ -->\n<title>X-Cloud - Pegasus Security<\/title>\n<meta name=\"robots\" content=\"index, follow, max-snippet:-1, max-image-preview:large, max-video-preview:-1\" \/>\n<link rel=\"canonical\" href=\"https:\/\/pegasussecurity.com.br\/es\/soluciones\/x-cloud\/\" \/>\n<meta property=\"og:locale\" content=\"es_ES\" \/>\n<meta property=\"og:type\" content=\"article\" \/>\n<meta property=\"og:title\" content=\"X-Cloud - Pegasus Security\" \/>\n<meta property=\"og:description\" content=\"Seguridad en la Nube La Nube P\u00fablica es un facilitador de la transformaci\u00f3n Digital, pero su adopci\u00f3n plantea diversos desaf\u00edos para el negocio, donde la Seguridad es uno de los m\u00e1s importantes.Dado que en los entornos de nube p\u00fablica la responsabilidad de la seguridad se comparte entre el proveedor de la nube y el cliente, ... Leer m\u00e1s\" \/>\n<meta property=\"og:url\" content=\"https:\/\/pegasussecurity.com.br\/es\/soluciones\/x-cloud\/\" \/>\n<meta property=\"og:site_name\" content=\"Pegasus Security\" \/>\n<meta property=\"article:modified_time\" content=\"2025-02-17T21:03:40+00:00\" \/>\n<meta property=\"og:image\" content=\"https:\/\/pegasussecurity.com.br\/wp-content\/uploads\/x-cloud-secure-mobility-desk-tablet.svg\" \/>\n<script type=\"application\/ld+json\" class=\"yoast-schema-graph\">{\"@context\":\"https:\\\/\\\/schema.org\",\"@graph\":[{\"@type\":\"WebPage\",\"@id\":\"https:\\\/\\\/pegasussecurity.com.br\\\/es\\\/soluciones\\\/x-cloud\\\/\",\"url\":\"https:\\\/\\\/pegasussecurity.com.br\\\/es\\\/soluciones\\\/x-cloud\\\/\",\"name\":\"X-Cloud - Pegasus Security\",\"isPartOf\":{\"@id\":\"https:\\\/\\\/pegasussecurity.com.br\\\/es\\\/#website\"},\"primaryImageOfPage\":{\"@id\":\"https:\\\/\\\/pegasussecurity.com.br\\\/es\\\/soluciones\\\/x-cloud\\\/#primaryimage\"},\"image\":{\"@id\":\"https:\\\/\\\/pegasussecurity.com.br\\\/es\\\/soluciones\\\/x-cloud\\\/#primaryimage\"},\"thumbnailUrl\":\"https:\\\/\\\/pegasussecurity.com.br\\\/wp-content\\\/uploads\\\/\\\/x-cloud-secure-mobility-desk-tablet.svg\",\"datePublished\":\"2024-08-06T20:26:38+00:00\",\"dateModified\":\"2025-02-17T21:03:40+00:00\",\"breadcrumb\":{\"@id\":\"https:\\\/\\\/pegasussecurity.com.br\\\/es\\\/soluciones\\\/x-cloud\\\/#breadcrumb\"},\"inLanguage\":\"es\",\"potentialAction\":[{\"@type\":\"ReadAction\",\"target\":[\"https:\\\/\\\/pegasussecurity.com.br\\\/es\\\/soluciones\\\/x-cloud\\\/\"]}]},{\"@type\":\"ImageObject\",\"inLanguage\":\"es\",\"@id\":\"https:\\\/\\\/pegasussecurity.com.br\\\/es\\\/soluciones\\\/x-cloud\\\/#primaryimage\",\"url\":\"https:\\\/\\\/pegasussecurity.com.br\\\/wp-content\\\/uploads\\\/\\\/x-cloud-secure-mobility-desk-tablet.svg\",\"contentUrl\":\"https:\\\/\\\/pegasussecurity.com.br\\\/wp-content\\\/uploads\\\/\\\/x-cloud-secure-mobility-desk-tablet.svg\"},{\"@type\":\"BreadcrumbList\",\"@id\":\"https:\\\/\\\/pegasussecurity.com.br\\\/es\\\/soluciones\\\/x-cloud\\\/#breadcrumb\",\"itemListElement\":[{\"@type\":\"ListItem\",\"position\":1,\"name\":\"Inicio\",\"item\":\"https:\\\/\\\/pegasussecurity.com.br\\\/es\\\/\"},{\"@type\":\"ListItem\",\"position\":2,\"name\":\"Soluciones\",\"item\":\"https:\\\/\\\/pegasussecurity.com.br\\\/es\\\/soluciones\\\/\"},{\"@type\":\"ListItem\",\"position\":3,\"name\":\"X-Cloud\"}]},{\"@type\":\"WebSite\",\"@id\":\"https:\\\/\\\/pegasussecurity.com.br\\\/es\\\/#website\",\"url\":\"https:\\\/\\\/pegasussecurity.com.br\\\/es\\\/\",\"name\":\"Pegasus Security\",\"description\":\"Cybersecurity for All\",\"publisher\":{\"@id\":\"https:\\\/\\\/pegasussecurity.com.br\\\/es\\\/#organization\"},\"alternateName\":\"Pegasus\",\"potentialAction\":[{\"@type\":\"SearchAction\",\"target\":{\"@type\":\"EntryPoint\",\"urlTemplate\":\"https:\\\/\\\/pegasussecurity.com.br\\\/es\\\/?s={search_term_string}\"},\"query-input\":{\"@type\":\"PropertyValueSpecification\",\"valueRequired\":true,\"valueName\":\"search_term_string\"}}],\"inLanguage\":\"es\"},{\"@type\":\"Organization\",\"@id\":\"https:\\\/\\\/pegasussecurity.com.br\\\/es\\\/#organization\",\"name\":\"Pegasus Security\",\"alternateName\":\"Pegasus Security\",\"url\":\"https:\\\/\\\/pegasussecurity.com.br\\\/es\\\/\",\"logo\":{\"@type\":\"ImageObject\",\"inLanguage\":\"es\",\"@id\":\"https:\\\/\\\/pegasussecurity.com.br\\\/es\\\/#\\\/schema\\\/logo\\\/image\\\/\",\"url\":\"https:\\\/\\\/pegasussecurity.com.br\\\/wp-content\\\/uploads\\\/cropped-pegasus-white-logo.webp\",\"contentUrl\":\"https:\\\/\\\/pegasussecurity.com.br\\\/wp-content\\\/uploads\\\/cropped-pegasus-white-logo.webp\",\"width\":392,\"height\":328,\"caption\":\"Pegasus Security\"},\"image\":{\"@id\":\"https:\\\/\\\/pegasussecurity.com.br\\\/es\\\/#\\\/schema\\\/logo\\\/image\\\/\"}}]}<\/script>\n<!-- \/ Yoast SEO plugin. -->","yoast_head_json":{"title":"X-Cloud - Pegasus Security","robots":{"index":"index","follow":"follow","max-snippet":"max-snippet:-1","max-image-preview":"max-image-preview:large","max-video-preview":"max-video-preview:-1"},"canonical":"https:\/\/pegasussecurity.com.br\/es\/soluciones\/x-cloud\/","og_locale":"es_ES","og_type":"article","og_title":"X-Cloud - Pegasus Security","og_description":"Seguridad en la Nube La Nube P\u00fablica es un facilitador de la transformaci\u00f3n Digital, pero su adopci\u00f3n plantea diversos desaf\u00edos para el negocio, donde la Seguridad es uno de los m\u00e1s importantes.Dado que en los entornos de nube p\u00fablica la responsabilidad de la seguridad se comparte entre el proveedor de la nube y el cliente, ... Leer m\u00e1s","og_url":"https:\/\/pegasussecurity.com.br\/es\/soluciones\/x-cloud\/","og_site_name":"Pegasus Security","article_modified_time":"2025-02-17T21:03:40+00:00","og_image":[{"url":"https:\/\/pegasussecurity.com.br\/wp-content\/uploads\/x-cloud-secure-mobility-desk-tablet.svg","type":"","width":"","height":""}],"schema":{"@context":"https:\/\/schema.org","@graph":[{"@type":"WebPage","@id":"https:\/\/pegasussecurity.com.br\/es\/soluciones\/x-cloud\/","url":"https:\/\/pegasussecurity.com.br\/es\/soluciones\/x-cloud\/","name":"X-Cloud - Pegasus Security","isPartOf":{"@id":"https:\/\/pegasussecurity.com.br\/es\/#website"},"primaryImageOfPage":{"@id":"https:\/\/pegasussecurity.com.br\/es\/soluciones\/x-cloud\/#primaryimage"},"image":{"@id":"https:\/\/pegasussecurity.com.br\/es\/soluciones\/x-cloud\/#primaryimage"},"thumbnailUrl":"https:\/\/pegasussecurity.com.br\/wp-content\/uploads\/\/x-cloud-secure-mobility-desk-tablet.svg","datePublished":"2024-08-06T20:26:38+00:00","dateModified":"2025-02-17T21:03:40+00:00","breadcrumb":{"@id":"https:\/\/pegasussecurity.com.br\/es\/soluciones\/x-cloud\/#breadcrumb"},"inLanguage":"es","potentialAction":[{"@type":"ReadAction","target":["https:\/\/pegasussecurity.com.br\/es\/soluciones\/x-cloud\/"]}]},{"@type":"ImageObject","inLanguage":"es","@id":"https:\/\/pegasussecurity.com.br\/es\/soluciones\/x-cloud\/#primaryimage","url":"https:\/\/pegasussecurity.com.br\/wp-content\/uploads\/\/x-cloud-secure-mobility-desk-tablet.svg","contentUrl":"https:\/\/pegasussecurity.com.br\/wp-content\/uploads\/\/x-cloud-secure-mobility-desk-tablet.svg"},{"@type":"BreadcrumbList","@id":"https:\/\/pegasussecurity.com.br\/es\/soluciones\/x-cloud\/#breadcrumb","itemListElement":[{"@type":"ListItem","position":1,"name":"Inicio","item":"https:\/\/pegasussecurity.com.br\/es\/"},{"@type":"ListItem","position":2,"name":"Soluciones","item":"https:\/\/pegasussecurity.com.br\/es\/soluciones\/"},{"@type":"ListItem","position":3,"name":"X-Cloud"}]},{"@type":"WebSite","@id":"https:\/\/pegasussecurity.com.br\/es\/#website","url":"https:\/\/pegasussecurity.com.br\/es\/","name":"Pegasus Security","description":"Cybersecurity for All","publisher":{"@id":"https:\/\/pegasussecurity.com.br\/es\/#organization"},"alternateName":"Pegasus","potentialAction":[{"@type":"SearchAction","target":{"@type":"EntryPoint","urlTemplate":"https:\/\/pegasussecurity.com.br\/es\/?s={search_term_string}"},"query-input":{"@type":"PropertyValueSpecification","valueRequired":true,"valueName":"search_term_string"}}],"inLanguage":"es"},{"@type":"Organization","@id":"https:\/\/pegasussecurity.com.br\/es\/#organization","name":"Pegasus Security","alternateName":"Pegasus Security","url":"https:\/\/pegasussecurity.com.br\/es\/","logo":{"@type":"ImageObject","inLanguage":"es","@id":"https:\/\/pegasussecurity.com.br\/es\/#\/schema\/logo\/image\/","url":"https:\/\/pegasussecurity.com.br\/wp-content\/uploads\/cropped-pegasus-white-logo.webp","contentUrl":"https:\/\/pegasussecurity.com.br\/wp-content\/uploads\/cropped-pegasus-white-logo.webp","width":392,"height":328,"caption":"Pegasus Security"},"image":{"@id":"https:\/\/pegasussecurity.com.br\/es\/#\/schema\/logo\/image\/"}}]}},"_links":{"self":[{"href":"https:\/\/pegasussecurity.com.br\/es\/wp-json\/wp\/v2\/pages\/5506","targetHints":{"allow":["GET"]}}],"collection":[{"href":"https:\/\/pegasussecurity.com.br\/es\/wp-json\/wp\/v2\/pages"}],"about":[{"href":"https:\/\/pegasussecurity.com.br\/es\/wp-json\/wp\/v2\/types\/page"}],"author":[{"embeddable":true,"href":"https:\/\/pegasussecurity.com.br\/es\/wp-json\/wp\/v2\/users\/2"}],"replies":[{"embeddable":true,"href":"https:\/\/pegasussecurity.com.br\/es\/wp-json\/wp\/v2\/comments?post=5506"}],"version-history":[{"count":1,"href":"https:\/\/pegasussecurity.com.br\/es\/wp-json\/wp\/v2\/pages\/5506\/revisions"}],"predecessor-version":[{"id":5507,"href":"https:\/\/pegasussecurity.com.br\/es\/wp-json\/wp\/v2\/pages\/5506\/revisions\/5507"}],"up":[{"embeddable":true,"href":"https:\/\/pegasussecurity.com.br\/es\/wp-json\/wp\/v2\/pages\/5371"}],"wp:attachment":[{"href":"https:\/\/pegasussecurity.com.br\/es\/wp-json\/wp\/v2\/media?parent=5506"}],"curies":[{"name":"wp","href":"https:\/\/api.w.org\/{rel}","templated":true}]}}