{"id":5508,"date":"2024-05-23T22:00:37","date_gmt":"2024-05-24T01:00:37","guid":{"rendered":"https:\/\/pegasussecurity.com.br\/soluciones\/consultoria\/"},"modified":"2025-02-17T18:15:36","modified_gmt":"2025-02-17T21:15:36","slug":"consultoria","status":"publish","type":"page","link":"https:\/\/pegasussecurity.com.br\/es\/soluciones\/consultoria\/","title":{"rendered":"Consultor\u00eda"},"content":{"rendered":"<div class=\"gb-container gb-container-643a03f1 alignfull\">\n<div class=\"gb-container gb-container-c0c4e0e3\">\n<div class=\"gb-container gb-container-4ea21334\">\n\n<h2 class=\"gb-headline gb-headline-06d1c4ff gb-headline-text\">Evaluar, Identificar, Preparar<\/h2>\n\n\n\n<p class=\"gb-headline gb-headline-507002bb gb-headline-text\">Uno de los conceptos m\u00e1s importantes dentro de la Seguridad es la <mark class=\"gb-highlight\">Resiliencia<\/mark>. Es necesario garantizar que, incluso en caso de ataque, los activos cr\u00edticos puedan recuperarse en el menor tiempo posible y con un impacto m\u00ednimo para el negocio. <br><mark class=\"gb-highlight\">Identificar<\/mark> los activos comerciales cr\u00edticos y <mark class=\"gb-highlight\">prepararse<\/mark> para implementar el plan de seguridad adecuado es una base fundamental para todas las empresas como primer paso para mejorar la resiliencia de sus negocios.<\/p>\n\n<\/div>\n\n<div class=\"gb-container gb-container-20441259\">\n\n<h2 class=\"gb-headline gb-headline-914b850d gb-headline-text\">En Pegasus Security <\/h2>\n\n\n\n<h3 class=\"gb-headline gb-headline-08118433 gb-headline-text\">Somos especialistas en gesti\u00f3n de riesgos cibern\u00e9ticos y abordamos esta fase con:<\/h3>\n\n\n\n<h4 class=\"gb-headline gb-headline-bf47a470 gb-headline-text\">Gesti\u00f3n Integral de Riesgos<\/h4>\n\n\n\n<p class=\"gb-headline gb-headline-61f52bdf gb-headline-text\"><mark class=\"gb-highlight\">Consultor\u00eda de seguridad<\/mark> realizada por especialistas multidisciplinarios certificados para ayudar a nuestros clientes a tener un panorama claro de los riesgos cibern\u00e9ticos, permiti\u00e9ndoles identificar y gestionar el riesgo, recomendar, definir e <mark class=\"gb-highlight\">implementar las mejores pr\u00e1cticas de seguridad y optimizar<\/mark> las inversiones en ciberseguridad. Cu\u00e1les son sus datos cr\u00edticos y d\u00f3nde est\u00e1n, el estado de los dispositivos y servicios de seguridad, procesos d\u00e9biles o situaciones de incumplimiento. <\/p>\n\n\n\n<h4 class=\"gb-headline gb-headline-734a06ca gb-headline-text\">Servicios Profesionales<\/h4>\n\n\n\n<p class=\"gb-headline gb-headline-4a70a9eb gb-headline-text\">Los mejores <mark class=\"gb-highlight\">especialistas en Seguridad, certificados<\/mark> en diferentes \u00e1reas como Protecci\u00f3n de Datos, Identidad, Identificaci\u00f3n de Vulnerabilidades, ayudando al cliente a prepararse para implementar las mejores <mark class=\"gb-highlight\">Pr\u00e1cticas de Seguridad<\/mark> definidas por la Consultor\u00eda.<br><\/p>\n\n<\/div>\n<\/div>\n<\/div><div class=\"gb-container gb-container-e2506f05 alignfull\">\n<div class=\"gb-container gb-container-4df911ec\">\n<div class=\"gb-container gb-container-1c79ce0f\">\n\n<p class=\"gb-headline gb-headline-9394fac8 gb-headline-text\">Para afrontar los desaf\u00edos actuales, <mark class=\"gb-highlight\">se necesita un enfoque de gesti\u00f3n de riesgos \u00e1gil e integrado<\/mark> que respalde las decisiones comerciales con datos precisos, conscientes del contexto y <mark class=\"gb-highlight\">continuamente actualizados.<br><\/mark>Los servicios deben considerar el valor para los clientes, <mark class=\"gb-highlight\">combinando<\/mark> las necesidades del personal t\u00e9cnico responsable de la pr\u00e1ctica de seguridad diaria con las decisiones relacionadas con el negocio de acuerdo con el presupuesto y la estrategia comercial.<\/p>\n\n<\/div>\n\n<div class=\"gb-container gb-container-0ca18755\">\n\n<h4 class=\"gb-headline gb-headline-6ef56179 gb-headline-text\">Gesti\u00f3n Din\u00e1mica de Riesgos<\/h4>\n\n\n\n<p class=\"gb-headline gb-headline-663baed0 gb-headline-text\">Gesti\u00f3n del impacto del riesgo en los negocios, automatizada a trav\u00e9s de la Plataforma IRM.<br><br><mark class=\"gb-highlight\">CIBERRESILIENCIA de extremo a extremo a trav\u00e9s de la gesti\u00f3n adaptativa de riesgos.<\/mark><br><\/p>\n\n\n\n<h4 class=\"gb-headline gb-headline-6520c70a gb-headline-text\">Compliance y Privacidad<\/h4>\n\n\n\n<p class=\"gb-headline gb-headline-1fc74b08 gb-headline-text\"><mark class=\"gb-highlight\">Visibilidad<\/mark> significa contar con tecnolog\u00eda de punta para la orquestaci\u00f3n, respuesta autom\u00e1tica e identificaci\u00f3n clara del riesgo para permitir al cliente tomar las decisiones correctas para el negocio.<\/p>\n\n\n\n<p class=\"gb-headline gb-headline-45935280 gb-headline-text\"><mark class=\"gb-highlight\">Inteligencia<\/mark> es lo que brindamos a trav\u00e9s de nuestros expertos en seguridad equipados con inteligencia artificial y herramientas de aprendizaje autom\u00e1tico para realizar b\u00fasquedas avanzadas, an\u00e1lisis y an\u00e1lisis forense completo para detecci\u00f3n, respuesta y recuperaci\u00f3n.<\/p>\n\n\n<div class=\"gb-container gb-container-f43274c5\">\n<div class=\"gb-container gb-container-36d4acc5\">\n\n<h3 class=\"gb-headline gb-headline-9e82af04 gb-headline-text\">Compliance<\/h3>\n\n\n\n<p class=\"gb-headline gb-headline-438eb80c gb-headline-text\">IT, Industrial and IoT<\/p>\n\n\n\n<p class=\"gb-headline gb-headline-d8f635ab gb-headline-text\">Regulador<\/p>\n\n\n\n<p class=\"gb-headline gb-headline-f4f10b5c gb-headline-text\">Continuidad del negocio<\/p>\n\n<\/div>\n\n<div class=\"gb-container gb-container-76f42566\">\n\n<h3 class=\"gb-headline gb-headline-bdbc58d0 gb-headline-text\">Privacidad<\/h3>\n\n\n\n<p class=\"gb-headline gb-headline-4ef2dc18 gb-headline-text\">Regulador<\/p>\n\n\n\n<p class=\"gb-headline gb-headline-5e5adbdd gb-headline-text\">Privacidad Manag. System <\/p>\n\n\n\n<p class=\"gb-headline gb-headline-ebf11c49 gb-headline-text\">DPO outsourcing<\/p>\n\n<\/div>\n<\/div>\n<\/div>\n<\/div>\n<\/div><div class=\"gb-container gb-container-9ebcdbb8 alignfull\">\n<div class=\"gb-container gb-container-3d628bc1\">\n<div class=\"gb-container gb-container-9414705c\">\n\n<h2 class=\"gb-headline gb-headline-c3ea7d7b gb-headline-text\">Oferta Pegasus Security<\/h2>\n\n\n\n<p class=\"gb-headline gb-headline-432b8a92 gb-headline-text\">Consultor\u00eda especializada en planificaci\u00f3n estrat\u00e9gica y adaptada a sus necesidades.<\/p>\n\n\n<div class=\"gb-container gb-container-9def3147\">\n<div class=\"gb-container gb-container-7e50bb9d\">\n\n<ul class=\"wp-block-list\">\n<li>LGPD<br\/><\/li>\n\n\n\n<li>ISO 27001, <br\/>22301 e 27701<br\/><\/li>\n\n\n\n<li>PCI<\/li>\n<\/ul>\n\n<\/div>\n\n<div class=\"gb-container gb-container-f65b0a2a\">\n\n<ul class=\"wp-block-list\">\n<li>Assessment Seguridad de la Informaci\u00f3n<br\/><\/li>\n\n\n\n<li>Advisory Services\n<ul class=\"wp-block-list\">\n<li>Advisoring para CA &amp; C-Levels<\/li>\n\n\n\n<li>Planificaci\u00f3n Estrat\u00e9gica de la Ciberseguridad<\/li>\n\n\n\n<li>Gesti\u00f3n estrat\u00e9gica de riesgos<\/li>\n\n\n\n<li>Table Top Exercises<\/li>\n\n\n\n<li>Simulaci\u00f3n de Crisis<br\/><\/li>\n<\/ul>\n<\/li>\n\n\n\n<li>CISO as a Service<br\/><\/li>\n\n\n\n<li>DPO as a Service<\/li>\n<\/ul>\n\n<\/div>\n<\/div>\n\n<div class=\"gb-container gb-container-72b5ddbc\">\n\n<a class=\"gb-button gb-button-cfa11b91\" href=\"https:\/\/pegasussecurity.com.br\/contacto\/\"><span class=\"gb-icon\"><svg xmlns=\"http:\/\/www.w3.org\/2000\/svg\" aria-hidden=\"true\" role=\"img\" height=\"1em\" width=\"1em\" viewbox=\"0 0 496 512\"><path fill=\"currentColor\" d=\"M248 8C111 8 0 119 0 256s111 248 248 248 248-111 248-248S385 8 248 8zm0 96c48.6 0 88 39.4 88 88s-39.4 88-88 88-88-39.4-88-88 39.4-88 88-88zm0 344c-58.7 0-111.3-26.6-146.5-68.2 18.8-35.4 55.6-59.8 98.5-59.8 2.4 0 4.8.4 7.1 1.1 13 4.2 26.6 6.9 40.9 6.9 14.3 0 28-2.7 40.9-6.9 2.3-.7 4.7-1.1 7.1-1.1 42.9 0 79.7 24.4 98.5 59.8C359.3 421.4 306.7 448 248 448z\"><\/path><\/svg><\/span><span class=\"gb-button-text\">Hable con un consultor y programe una demostraci\u00f3n.<\/span><\/a>\n\n<\/div>\n<\/div>\n<\/div>\n<\/div>","protected":false},"excerpt":{"rendered":"<p>Evaluar, Identificar, Preparar Uno de los conceptos m\u00e1s importantes dentro de la Seguridad es la Resiliencia. Es necesario garantizar que, incluso en caso de ataque, los activos cr\u00edticos puedan recuperarse en el menor tiempo posible y con un impacto m\u00ednimo para el negocio. Identificar los activos comerciales cr\u00edticos y prepararse para implementar el plan de &#8230; <a title=\"Consultor\u00eda\" class=\"read-more\" href=\"https:\/\/pegasussecurity.com.br\/es\/soluciones\/consultoria\/\" aria-label=\"Leer m\u00e1s sobre Consultor\u00eda\">Leer m\u00e1s<\/a><\/p>\n","protected":false},"author":2,"featured_media":0,"parent":5371,"menu_order":0,"comment_status":"closed","ping_status":"closed","template":"","meta":{"inline_featured_image":false,"footnotes":""},"class_list":["post-5508","page","type-page","status-publish"],"yoast_head":"<!-- This site is optimized with the Yoast SEO plugin v27.4 - https:\/\/yoast.com\/product\/yoast-seo-wordpress\/ -->\n<title>Consultor\u00eda - Pegasus Security<\/title>\n<meta name=\"robots\" content=\"index, follow, max-snippet:-1, max-image-preview:large, max-video-preview:-1\" \/>\n<link rel=\"canonical\" href=\"https:\/\/pegasussecurity.com.br\/es\/soluciones\/consultoria\/\" \/>\n<meta property=\"og:locale\" content=\"es_ES\" \/>\n<meta property=\"og:type\" content=\"article\" \/>\n<meta property=\"og:title\" content=\"Consultor\u00eda - Pegasus Security\" \/>\n<meta property=\"og:description\" content=\"Evaluar, Identificar, Preparar Uno de los conceptos m\u00e1s importantes dentro de la Seguridad es la Resiliencia. Es necesario garantizar que, incluso en caso de ataque, los activos cr\u00edticos puedan recuperarse en el menor tiempo posible y con un impacto m\u00ednimo para el negocio. Identificar los activos comerciales cr\u00edticos y prepararse para implementar el plan de ... Leer m\u00e1s\" \/>\n<meta property=\"og:url\" content=\"https:\/\/pegasussecurity.com.br\/es\/soluciones\/consultoria\/\" \/>\n<meta property=\"og:site_name\" content=\"Pegasus Security\" \/>\n<meta property=\"article:modified_time\" content=\"2025-02-17T21:15:36+00:00\" \/>\n<meta property=\"og:image\" content=\"https:\/\/pegasussecurity.com.br\/wp-content\/uploads\/pegasus.jpg\" \/>\n\t<meta property=\"og:image:width\" content=\"1098\" \/>\n\t<meta property=\"og:image:height\" content=\"500\" \/>\n\t<meta property=\"og:image:type\" content=\"image\/jpeg\" \/>\n<script type=\"application\/ld+json\" class=\"yoast-schema-graph\">{\"@context\":\"https:\\\/\\\/schema.org\",\"@graph\":[{\"@type\":\"WebPage\",\"@id\":\"https:\\\/\\\/pegasussecurity.com.br\\\/es\\\/soluciones\\\/consultoria\\\/\",\"url\":\"https:\\\/\\\/pegasussecurity.com.br\\\/es\\\/soluciones\\\/consultoria\\\/\",\"name\":\"Consultor\u00eda - Pegasus Security\",\"isPartOf\":{\"@id\":\"https:\\\/\\\/pegasussecurity.com.br\\\/es\\\/#website\"},\"datePublished\":\"2024-05-24T01:00:37+00:00\",\"dateModified\":\"2025-02-17T21:15:36+00:00\",\"breadcrumb\":{\"@id\":\"https:\\\/\\\/pegasussecurity.com.br\\\/es\\\/soluciones\\\/consultoria\\\/#breadcrumb\"},\"inLanguage\":\"es\",\"potentialAction\":[{\"@type\":\"ReadAction\",\"target\":[\"https:\\\/\\\/pegasussecurity.com.br\\\/es\\\/soluciones\\\/consultoria\\\/\"]}]},{\"@type\":\"BreadcrumbList\",\"@id\":\"https:\\\/\\\/pegasussecurity.com.br\\\/es\\\/soluciones\\\/consultoria\\\/#breadcrumb\",\"itemListElement\":[{\"@type\":\"ListItem\",\"position\":1,\"name\":\"Inicio\",\"item\":\"https:\\\/\\\/pegasussecurity.com.br\\\/es\\\/\"},{\"@type\":\"ListItem\",\"position\":2,\"name\":\"Soluciones\",\"item\":\"https:\\\/\\\/pegasussecurity.com.br\\\/es\\\/soluciones\\\/\"},{\"@type\":\"ListItem\",\"position\":3,\"name\":\"Consultor\u00eda\"}]},{\"@type\":\"WebSite\",\"@id\":\"https:\\\/\\\/pegasussecurity.com.br\\\/es\\\/#website\",\"url\":\"https:\\\/\\\/pegasussecurity.com.br\\\/es\\\/\",\"name\":\"Pegasus Security\",\"description\":\"Cybersecurity for All\",\"publisher\":{\"@id\":\"https:\\\/\\\/pegasussecurity.com.br\\\/es\\\/#organization\"},\"alternateName\":\"Pegasus\",\"potentialAction\":[{\"@type\":\"SearchAction\",\"target\":{\"@type\":\"EntryPoint\",\"urlTemplate\":\"https:\\\/\\\/pegasussecurity.com.br\\\/es\\\/?s={search_term_string}\"},\"query-input\":{\"@type\":\"PropertyValueSpecification\",\"valueRequired\":true,\"valueName\":\"search_term_string\"}}],\"inLanguage\":\"es\"},{\"@type\":\"Organization\",\"@id\":\"https:\\\/\\\/pegasussecurity.com.br\\\/es\\\/#organization\",\"name\":\"Pegasus Security\",\"alternateName\":\"Pegasus Security\",\"url\":\"https:\\\/\\\/pegasussecurity.com.br\\\/es\\\/\",\"logo\":{\"@type\":\"ImageObject\",\"inLanguage\":\"es\",\"@id\":\"https:\\\/\\\/pegasussecurity.com.br\\\/es\\\/#\\\/schema\\\/logo\\\/image\\\/\",\"url\":\"https:\\\/\\\/pegasussecurity.com.br\\\/wp-content\\\/uploads\\\/cropped-pegasus-white-logo.webp\",\"contentUrl\":\"https:\\\/\\\/pegasussecurity.com.br\\\/wp-content\\\/uploads\\\/cropped-pegasus-white-logo.webp\",\"width\":392,\"height\":328,\"caption\":\"Pegasus Security\"},\"image\":{\"@id\":\"https:\\\/\\\/pegasussecurity.com.br\\\/es\\\/#\\\/schema\\\/logo\\\/image\\\/\"}}]}<\/script>\n<!-- \/ Yoast SEO plugin. -->","yoast_head_json":{"title":"Consultor\u00eda - Pegasus Security","robots":{"index":"index","follow":"follow","max-snippet":"max-snippet:-1","max-image-preview":"max-image-preview:large","max-video-preview":"max-video-preview:-1"},"canonical":"https:\/\/pegasussecurity.com.br\/es\/soluciones\/consultoria\/","og_locale":"es_ES","og_type":"article","og_title":"Consultor\u00eda - Pegasus Security","og_description":"Evaluar, Identificar, Preparar Uno de los conceptos m\u00e1s importantes dentro de la Seguridad es la Resiliencia. Es necesario garantizar que, incluso en caso de ataque, los activos cr\u00edticos puedan recuperarse en el menor tiempo posible y con un impacto m\u00ednimo para el negocio. Identificar los activos comerciales cr\u00edticos y prepararse para implementar el plan de ... Leer m\u00e1s","og_url":"https:\/\/pegasussecurity.com.br\/es\/soluciones\/consultoria\/","og_site_name":"Pegasus Security","article_modified_time":"2025-02-17T21:15:36+00:00","og_image":[{"width":1098,"height":500,"url":"https:\/\/pegasussecurity.com.br\/wp-content\/uploads\/pegasus.jpg","type":"image\/jpeg"}],"schema":{"@context":"https:\/\/schema.org","@graph":[{"@type":"WebPage","@id":"https:\/\/pegasussecurity.com.br\/es\/soluciones\/consultoria\/","url":"https:\/\/pegasussecurity.com.br\/es\/soluciones\/consultoria\/","name":"Consultor\u00eda - Pegasus Security","isPartOf":{"@id":"https:\/\/pegasussecurity.com.br\/es\/#website"},"datePublished":"2024-05-24T01:00:37+00:00","dateModified":"2025-02-17T21:15:36+00:00","breadcrumb":{"@id":"https:\/\/pegasussecurity.com.br\/es\/soluciones\/consultoria\/#breadcrumb"},"inLanguage":"es","potentialAction":[{"@type":"ReadAction","target":["https:\/\/pegasussecurity.com.br\/es\/soluciones\/consultoria\/"]}]},{"@type":"BreadcrumbList","@id":"https:\/\/pegasussecurity.com.br\/es\/soluciones\/consultoria\/#breadcrumb","itemListElement":[{"@type":"ListItem","position":1,"name":"Inicio","item":"https:\/\/pegasussecurity.com.br\/es\/"},{"@type":"ListItem","position":2,"name":"Soluciones","item":"https:\/\/pegasussecurity.com.br\/es\/soluciones\/"},{"@type":"ListItem","position":3,"name":"Consultor\u00eda"}]},{"@type":"WebSite","@id":"https:\/\/pegasussecurity.com.br\/es\/#website","url":"https:\/\/pegasussecurity.com.br\/es\/","name":"Pegasus Security","description":"Cybersecurity for All","publisher":{"@id":"https:\/\/pegasussecurity.com.br\/es\/#organization"},"alternateName":"Pegasus","potentialAction":[{"@type":"SearchAction","target":{"@type":"EntryPoint","urlTemplate":"https:\/\/pegasussecurity.com.br\/es\/?s={search_term_string}"},"query-input":{"@type":"PropertyValueSpecification","valueRequired":true,"valueName":"search_term_string"}}],"inLanguage":"es"},{"@type":"Organization","@id":"https:\/\/pegasussecurity.com.br\/es\/#organization","name":"Pegasus Security","alternateName":"Pegasus Security","url":"https:\/\/pegasussecurity.com.br\/es\/","logo":{"@type":"ImageObject","inLanguage":"es","@id":"https:\/\/pegasussecurity.com.br\/es\/#\/schema\/logo\/image\/","url":"https:\/\/pegasussecurity.com.br\/wp-content\/uploads\/cropped-pegasus-white-logo.webp","contentUrl":"https:\/\/pegasussecurity.com.br\/wp-content\/uploads\/cropped-pegasus-white-logo.webp","width":392,"height":328,"caption":"Pegasus Security"},"image":{"@id":"https:\/\/pegasussecurity.com.br\/es\/#\/schema\/logo\/image\/"}}]}},"_links":{"self":[{"href":"https:\/\/pegasussecurity.com.br\/es\/wp-json\/wp\/v2\/pages\/5508","targetHints":{"allow":["GET"]}}],"collection":[{"href":"https:\/\/pegasussecurity.com.br\/es\/wp-json\/wp\/v2\/pages"}],"about":[{"href":"https:\/\/pegasussecurity.com.br\/es\/wp-json\/wp\/v2\/types\/page"}],"author":[{"embeddable":true,"href":"https:\/\/pegasussecurity.com.br\/es\/wp-json\/wp\/v2\/users\/2"}],"replies":[{"embeddable":true,"href":"https:\/\/pegasussecurity.com.br\/es\/wp-json\/wp\/v2\/comments?post=5508"}],"version-history":[{"count":1,"href":"https:\/\/pegasussecurity.com.br\/es\/wp-json\/wp\/v2\/pages\/5508\/revisions"}],"predecessor-version":[{"id":5509,"href":"https:\/\/pegasussecurity.com.br\/es\/wp-json\/wp\/v2\/pages\/5508\/revisions\/5509"}],"up":[{"embeddable":true,"href":"https:\/\/pegasussecurity.com.br\/es\/wp-json\/wp\/v2\/pages\/5371"}],"wp:attachment":[{"href":"https:\/\/pegasussecurity.com.br\/es\/wp-json\/wp\/v2\/media?parent=5508"}],"curies":[{"name":"wp","href":"https:\/\/api.w.org\/{rel}","templated":true}]}}